{"id":1206,"date":"2018-11-12T16:39:46","date_gmt":"2018-11-12T14:39:46","guid":{"rendered":"https:\/\/sigmasystems.ee\/paikeseenergia\/"},"modified":"2025-01-02T09:45:33","modified_gmt":"2025-01-02T07:45:33","slug":"aurinkoenergia","status":"publish","type":"page","link":"https:\/\/sigmasystems.ee\/fi\/aurinkoenergia\/","title":{"rendered":"Aurinkoenergia"},"content":{"rendered":"<p>My\u00f6s aurinkoenergiaa on saatavilla runsaasti Viron leveysasteilla, ja se on yksi puhtaimmista saatavilla olevista energial\u00e4hteist\u00e4. PV-paneelit\u00a0<em>(Photo Voltaic<\/em>) toimivat auringon s\u00e4teiden avulla, joten niiden sijoitus kohtisuoraan auringon s\u00e4teisiin n\u00e4hden ei ole yht\u00e4 t\u00e4rke\u00e4\u00e4. Parhaan suorituskyvyn saavuttamiseksi paneelit on kuitenkin asennettava noin 35 asteen kulmaan ja etel\u00e4\u00e4n p\u00e4in. Esimerkiksi rakennuksen kulutusprofiilin tai s\u00e4hk\u00f6markkinoiden hinnan vaihtelun vuoksi voi kuitenkin olla j\u00e4rkev\u00e4mp\u00e4\u00e4 asentaa paneelit it\u00e4\u00e4n ja l\u00e4nteen.<\/p>\n<p>Viro voi olla pinta-alaltaan pieni, mutta meill\u00e4 on my\u00f6s erilainen auringon s\u00e4teily riippuen sijainnistamme. Paras suorituskyky on saavutettu L\u00e4nsi-Viron saarilla ja rannikolla sijaitsevilla aurinkos\u00e4hk\u00f6asemilla, joissa auringonpaisteen kesto on yli 1900 tuntia vuodessa. Sis\u00e4maassa vastaava luku on noin 1650 tuntia. On my\u00f6s otettava huomioon, ett\u00e4 suurin osa Viron tuotannosta ajoittuu maaliskuusta lokakuuhun, muina talvikuukausina laitos on yleens\u00e4 horroksessa eik\u00e4 lumen lapioiminen paneeleilta lis\u00e4\u00e4 tuottavuutta merkitt\u00e4v\u00e4sti.<\/p>\n<p>Aurinkos\u00e4hk\u00f6j\u00e4rjestelm\u00e4t voivat olla joko verkkoon kytkettyj\u00e4<em>(on-grid; hybridi<\/em>) tai<em>off-grid<\/em>. Verkkoon kytketty aurinkos\u00e4hk\u00f6j\u00e4rjestelm\u00e4 tuottaa energiaa p\u00e4iv\u00e4n aikana ja t\u00e4ytt\u00e4\u00e4 kaikkien s\u00e4hk\u00f6nkuluttajien hetkelliset tarpeet. Jos energiaa j\u00e4\u00e4 yli, se siirtyy automaattisesti kaksisuuntaisen s\u00e4hk\u00f6mittarin kautta verkkoon. Jos energiaa puuttuu, se otetaan verkosta. J\u00e4rjestelm\u00e4n haittapuolena on, ett\u00e4 aurinkos\u00e4hk\u00f6j\u00e4rjestelm\u00e4 ei toimi s\u00e4hk\u00f6katkon aikana. Hybridiasema toimii samalla tavalla kuin\u00a0<em>verkkovirta-asema<\/em>, kun verkkovirtaa on saatavilla, mutta sen lis\u00e4ksi, ett\u00e4 se kattaa omat tarpeensa, se varmistaa my\u00f6s, ett\u00e4 akku on ladattu t\u00e4yteen, jotta varastoitua energiaa voidaan k\u00e4ytt\u00e4\u00e4 illalla. Lis\u00e4ksi hybridilaitos voi kattaa kotitalouden s\u00e4hk\u00f6ntarpeen s\u00e4hk\u00f6katkoksen aikana.<\/p>\n<p><em>Verkon ulkopuolinen<\/em>\u00a0aurinkoj\u00e4rjestelm\u00e4 tarvitsee joka tapauksessa akkuja toimiakseen. Koska\u00a0<em>verkkovapaat<\/em>\u00a0j\u00e4rjestelm\u00e4t ovat yleens\u00e4 suhteellisen kalliita, on erityisen t\u00e4rke\u00e4\u00e4, ett\u00e4 ne mitoitetaan oikein. Sek\u00e4 paneelien kapasiteetin ett\u00e4 akun kapasiteetin osalta olisi otettava mahdollisimman tarkasti huomioon kaikkien s\u00e4hk\u00f6nkuluttajien kapasiteetti, niiden k\u00e4ytt\u00f6aika vuorokaudessa ja rakennuksen kokonaisenergiank\u00e4ytt\u00f6 (kuinka paljon energiaa tarvitaan kes\u00e4ll\u00e4, kun auringonvaloa on enemm\u00e4n, ja kuinka paljon talvella, kun auringonvaloa on v\u00e4hemm\u00e4n).<\/p>\n<p>&nbsp;<\/p>\n<p>Virossa on mahdollista liitty\u00e4 aurinkos\u00e4hk\u00f6n tuottajaksi:<\/p>\n<ul>\n<li><strong>Nanogeneraattorilla tarkoitetaan <\/strong>s\u00e4hk\u00f6ntuotantolaitetta, jonka teho on\u00a0<strong>alle 0,8 kW<\/strong>\u00a0ja jonka avulla kuluttaja voi tuottaa osan tarvitsemastaan s\u00e4hk\u00f6st\u00e4 paikan p\u00e4\u00e4ll\u00e4, esimerkiksi matkapuhelimen lataamiseen, tietokoneen tai television katseluun.<\/li>\n<\/ul>\n<p>Lue lis\u00e4\u00e4 liittymisest\u00e4: <a href=\"https:\/\/www.elektrilevi.ee\/nanotootjale\">https:\/\/www.elektrilevi.ee\/nanotootjale<\/a><\/p>\n<ul>\n<li><strong>Mikrotuotannolla tarkoitetaan<\/strong>\u00a0<strong>enint\u00e4\u00e4n 15 kW:n<\/strong>\u00a0s\u00e4hk\u00f6ntuotantoa Olet oikealla sivulla, jos olet yksityinen asunnon omistaja, asunto-osakeyhti\u00f6 tai yrityksen edustaja, joka harkitsee omaa aurinkovoimalaa tai haluaa lis\u00e4tietoja siit\u00e4.<\/li>\n<\/ul>\n<p>Lue lis\u00e4\u00e4 liittymisest\u00e4: <a href=\"https:\/\/www.elektrilevi.ee\/vaiketootjale\">https:\/\/www.elektrilevi.ee\/vaiketootjale<\/a><\/p>\n<ul>\n<li><strong>S\u00e4hk\u00f6ntuottajiksi katsotaan <\/strong>tuottajat, joiden kapasiteetti\u00a0<strong>on yli 15 kW<\/strong>. Olet oikealla sivulla, jos harkitset oman aurinkovoimalan rakentamista tai haluat lis\u00e4tietoja.<\/li>\n<\/ul>\n<p>Lue lis\u00e4\u00e4 liittymisest\u00e4: <a href=\"https:\/\/www.elektrilevi.ee\/elektritootjale\">https:\/\/www.elektrilevi.ee\/elektritootjale<\/a><\/p>\n","protected":false},"excerpt":{"rendered":"<p>My\u00f6s aurinkoenergiaa on saatavilla runsaasti Viron leveysasteilla, ja se on yksi puhtaimmista saatavilla olevista energial\u00e4hteist\u00e4. PV-paneelit\u00a0(Photo Voltaic) toimivat auringon s\u00e4teiden avulla, joten niiden sijoitus kohtisuoraan auringon<span class=\"excerpt-hellip\"> [\u2026]<\/span><\/p>\n","protected":false},"author":1,"featured_media":0,"parent":0,"menu_order":0,"comment_status":"closed","ping_status":"closed","template":"","meta":{"_acf_changed":false,"footnotes":""},"class_list":["post-1206","page","type-page","status-publish","hentry"],"acf":[],"_links":{"self":[{"href":"https:\/\/sigmasystems.ee\/fi\/wp-json\/wp\/v2\/pages\/1206","targetHints":{"allow":["GET"]}}],"collection":[{"href":"https:\/\/sigmasystems.ee\/fi\/wp-json\/wp\/v2\/pages"}],"about":[{"href":"https:\/\/sigmasystems.ee\/fi\/wp-json\/wp\/v2\/types\/page"}],"author":[{"embeddable":true,"href":"https:\/\/sigmasystems.ee\/fi\/wp-json\/wp\/v2\/users\/1"}],"replies":[{"embeddable":true,"href":"https:\/\/sigmasystems.ee\/fi\/wp-json\/wp\/v2\/comments?post=1206"}],"version-history":[{"count":3,"href":"https:\/\/sigmasystems.ee\/fi\/wp-json\/wp\/v2\/pages\/1206\/revisions"}],"predecessor-version":[{"id":1220,"href":"https:\/\/sigmasystems.ee\/fi\/wp-json\/wp\/v2\/pages\/1206\/revisions\/1220"}],"wp:attachment":[{"href":"https:\/\/sigmasystems.ee\/fi\/wp-json\/wp\/v2\/media?parent=1206"}],"curies":[{"name":"wp","href":"https:\/\/api.w.org\/{rel}","templated":true}]}}