{"id":1201,"date":"2018-01-23T15:11:28","date_gmt":"2018-01-23T13:11:28","guid":{"rendered":"https:\/\/sigmasystems.ee\/avaleht\/"},"modified":"2025-01-02T09:38:28","modified_gmt":"2025-01-02T07:38:28","slug":"avaleht","status":"publish","type":"page","link":"https:\/\/sigmasystems.ee\/fi\/","title":{"rendered":"Etusivu"},"content":{"rendered":"<p><strong>SigmaSystems O\u00dc<\/strong>\u00a0on perustettu vuonna 2013, mutta yrityksen ty\u00f6ntekij\u00f6ill\u00e4 on uusiutuvaan energiaan liittyv\u00e4\u00e4 kokemusta jo vuodesta 2008, jolloin asennettiin ensimm\u00e4iset aurinkoenergiaratkaisut. Tuolloin keskittyminen oli suunnattu ainoastaan aurinkoker\u00e4inten (l\u00e4mpim\u00e4n veden tuottamiseen) myyntiin ja asennukseen.<\/p>\n<p>T\u00e4n\u00e4 p\u00e4iv\u00e4n\u00e4 markkinatilanne on kuitenkin erilainen, ja valikoimaan on lis\u00e4tty sek\u00e4 aurinkos\u00e4hk\u00f6paneelit ett\u00e4 varastointiratkaisut. Oma tuotettu s\u00e4hk\u00f6 on paras hy\u00f6dynt\u00e4\u00e4 paikan p\u00e4\u00e4ll\u00e4, ja t\u00e4m\u00e4 edellytt\u00e4\u00e4 sen varastointia p\u00e4iv\u00e4n aikana. Tietenkin jokainen projekti on erilainen ja vaatii yksil\u00f6llist\u00e4 l\u00e4hestymistapaa.<\/p>\n<p>SigmaSystems O\u00dc:n tiimi l\u00e4hestyy jokaista projektia niin sanottuna \u201dr\u00e4\u00e4t\u00e4linty\u00f6n\u00e4\u201d. Koska emme ole sidottuja vain yhteen invertteri- tai varastointiratkaisuja tarjoavaan valmistajaan, voit olla varma, ett\u00e4 saat meilt\u00e4 juuri sinun talosi ja s\u00e4hk\u00f6nkulutuksesi erityispiirteisiin sopivimman teknisen ratkaisun.<\/p>\n<p>Oletko asentaja, talonomistaja tai yritt\u00e4j\u00e4? Ota selv\u00e4\u00e4 lis\u00e4\u00e4 \u2013 autamme sinua vakioimaan energiakustannuksesi. T\u00e4m\u00e4 on ensimm\u00e4inen askel matkalla kohti riippumattomuutta nousevien energiahintojen keskell\u00e4!<\/p>\n","protected":false},"excerpt":{"rendered":"<p>SigmaSystems O\u00dc\u00a0on perustettu vuonna 2013, mutta yrityksen ty\u00f6ntekij\u00f6ill\u00e4 on uusiutuvaan energiaan liittyv\u00e4\u00e4 kokemusta jo vuodesta 2008, jolloin asennettiin ensimm\u00e4iset aurinkoenergiaratkaisut. Tuolloin keskittyminen oli suunnattu ainoastaan aurinkoker\u00e4inten<span class=\"excerpt-hellip\"> [\u2026]<\/span><\/p>\n","protected":false},"author":1,"featured_media":0,"parent":0,"menu_order":0,"comment_status":"closed","ping_status":"closed","template":"","meta":{"_acf_changed":false,"footnotes":""},"class_list":["post-1201","page","type-page","status-publish","hentry"],"acf":[],"_links":{"self":[{"href":"https:\/\/sigmasystems.ee\/fi\/wp-json\/wp\/v2\/pages\/1201","targetHints":{"allow":["GET"]}}],"collection":[{"href":"https:\/\/sigmasystems.ee\/fi\/wp-json\/wp\/v2\/pages"}],"about":[{"href":"https:\/\/sigmasystems.ee\/fi\/wp-json\/wp\/v2\/types\/page"}],"author":[{"embeddable":true,"href":"https:\/\/sigmasystems.ee\/fi\/wp-json\/wp\/v2\/users\/1"}],"replies":[{"embeddable":true,"href":"https:\/\/sigmasystems.ee\/fi\/wp-json\/wp\/v2\/comments?post=1201"}],"version-history":[{"count":2,"href":"https:\/\/sigmasystems.ee\/fi\/wp-json\/wp\/v2\/pages\/1201\/revisions"}],"predecessor-version":[{"id":1203,"href":"https:\/\/sigmasystems.ee\/fi\/wp-json\/wp\/v2\/pages\/1201\/revisions\/1203"}],"wp:attachment":[{"href":"https:\/\/sigmasystems.ee\/fi\/wp-json\/wp\/v2\/media?parent=1201"}],"curies":[{"name":"wp","href":"https:\/\/api.w.org\/{rel}","templated":true}]}}