{"id":1189,"date":"2018-11-12T17:22:54","date_gmt":"2018-11-12T15:22:54","guid":{"rendered":"https:\/\/sigmasystems.ee\/paikesepaneelide-paigaldus\/"},"modified":"2025-01-01T13:31:40","modified_gmt":"2025-01-01T11:31:40","slug":"aurinkopaneelien-asennus","status":"publish","type":"page","link":"https:\/\/sigmasystems.ee\/fi\/aurinkopaneelien-asennus\/","title":{"rendered":"Aurinkopaneelien asennus"},"content":{"rendered":"<p>SigmaSystems O\u00dc:n asennusryhm\u00e4t ovat kykenevi\u00e4 asentamaan eri vaikeusasteilla varustettuja aurinkovoimaloita, joilla on tai ei ole varastointimahdollisuuksia, niin omakotitaloihin, energiapuistoihin kuin teollisiin kohteisiin kautta koko Viron. Asennusprojektille tulee olla haettu ja paikallisviranomaisen hyv\u00e4ksym\u00e4 rakennuslupa tai rakennusilmoitus. Asennusprojektissa m\u00e4\u00e4ritellyt aurinkovoimalan komponentit voidaan tilauksen mukaan vaihtaa v\u00e4hint\u00e4\u00e4n yht\u00e4 hyviksi. Asennetut aurinkovoimalat varustetaan kaikilla tarvittavilla k\u00e4ytt\u00f6asiakirjoilla.<\/p>\n<p>SigmaSystems O\u00dc asentaa tai modernisoi keskim\u00e4\u00e4rin 200 eri kokoista ja vaikeusasteista aurinkovoimalaa vuodessa. Osa tehdyist\u00e4 t\u00f6ist\u00e4 l\u00f6ytyy kuvitettuna verkkosivuston \u201dReferenssit\u201d-osiossa.<\/p>\n","protected":false},"excerpt":{"rendered":"<p>SigmaSystems O\u00dc:n asennusryhm\u00e4t ovat kykenevi\u00e4 asentamaan eri vaikeusasteilla varustettuja aurinkovoimaloita, joilla on tai ei ole varastointimahdollisuuksia, niin omakotitaloihin, energiapuistoihin kuin teollisiin kohteisiin kautta koko Viron. Asennusprojektille<span class=\"excerpt-hellip\"> [\u2026]<\/span><\/p>\n","protected":false},"author":1,"featured_media":0,"parent":0,"menu_order":0,"comment_status":"closed","ping_status":"closed","template":"","meta":{"_acf_changed":false,"footnotes":""},"class_list":["post-1189","page","type-page","status-publish","hentry"],"acf":[],"_links":{"self":[{"href":"https:\/\/sigmasystems.ee\/fi\/wp-json\/wp\/v2\/pages\/1189","targetHints":{"allow":["GET"]}}],"collection":[{"href":"https:\/\/sigmasystems.ee\/fi\/wp-json\/wp\/v2\/pages"}],"about":[{"href":"https:\/\/sigmasystems.ee\/fi\/wp-json\/wp\/v2\/types\/page"}],"author":[{"embeddable":true,"href":"https:\/\/sigmasystems.ee\/fi\/wp-json\/wp\/v2\/users\/1"}],"replies":[{"embeddable":true,"href":"https:\/\/sigmasystems.ee\/fi\/wp-json\/wp\/v2\/comments?post=1189"}],"version-history":[{"count":1,"href":"https:\/\/sigmasystems.ee\/fi\/wp-json\/wp\/v2\/pages\/1189\/revisions"}],"predecessor-version":[{"id":1190,"href":"https:\/\/sigmasystems.ee\/fi\/wp-json\/wp\/v2\/pages\/1189\/revisions\/1190"}],"wp:attachment":[{"href":"https:\/\/sigmasystems.ee\/fi\/wp-json\/wp\/v2\/media?parent=1189"}],"curies":[{"name":"wp","href":"https:\/\/api.w.org\/{rel}","templated":true}]}}