{"id":1187,"date":"2018-11-12T16:47:44","date_gmt":"2018-11-12T14:47:44","guid":{"rendered":"https:\/\/sigmasystems.ee\/projekteerimine\/"},"modified":"2025-01-01T13:29:52","modified_gmt":"2025-01-01T11:29:52","slug":"projektointi","status":"publish","type":"page","link":"https:\/\/sigmasystems.ee\/fi\/projektointi\/","title":{"rendered":"Projektointi"},"content":{"rendered":"<p>SigmaSystems O\u00dc tarjoaa suunnittelupalveluja sek\u00e4 aurinkovoimaloiden rakentamiseen ett\u00e4 l\u00e4mp\u00f6pumppujen asennukseen. Laadimme erilaisten asiakirjojen (esimerkiksi esisuunnitelma, p\u00e4\u00e4suunnitelma, ty\u00f6suunnitelma) asennussuunnitelmia sek\u00e4 yrityksen omiin t\u00f6ihin ett\u00e4 muiden suunnittelijoiden, rakennuttajien ja p\u00e4\u00e4urakoitsijoiden tilauksesta. Suunnittelussa tarvittavat l\u00e4ht\u00f6tiedot tulee toimittaa tilaajalta. Tarvittaessa voimme my\u00f6s rekister\u00f6id\u00e4 projektit Rakennusrekisteriin k\u00e4sitelt\u00e4v\u00e4ksi rakennusluvana tai rakennusilmoituksena.<\/p>\n","protected":false},"excerpt":{"rendered":"<p>SigmaSystems O\u00dc tarjoaa suunnittelupalveluja sek\u00e4 aurinkovoimaloiden rakentamiseen ett\u00e4 l\u00e4mp\u00f6pumppujen asennukseen. Laadimme erilaisten asiakirjojen (esimerkiksi esisuunnitelma, p\u00e4\u00e4suunnitelma, ty\u00f6suunnitelma) asennussuunnitelmia sek\u00e4 yrityksen omiin t\u00f6ihin ett\u00e4 muiden suunnittelijoiden, rakennuttajien<span class=\"excerpt-hellip\"> [\u2026]<\/span><\/p>\n","protected":false},"author":1,"featured_media":0,"parent":0,"menu_order":0,"comment_status":"closed","ping_status":"closed","template":"","meta":{"_acf_changed":false,"footnotes":""},"class_list":["post-1187","page","type-page","status-publish","hentry"],"acf":[],"_links":{"self":[{"href":"https:\/\/sigmasystems.ee\/fi\/wp-json\/wp\/v2\/pages\/1187","targetHints":{"allow":["GET"]}}],"collection":[{"href":"https:\/\/sigmasystems.ee\/fi\/wp-json\/wp\/v2\/pages"}],"about":[{"href":"https:\/\/sigmasystems.ee\/fi\/wp-json\/wp\/v2\/types\/page"}],"author":[{"embeddable":true,"href":"https:\/\/sigmasystems.ee\/fi\/wp-json\/wp\/v2\/users\/1"}],"replies":[{"embeddable":true,"href":"https:\/\/sigmasystems.ee\/fi\/wp-json\/wp\/v2\/comments?post=1187"}],"version-history":[{"count":1,"href":"https:\/\/sigmasystems.ee\/fi\/wp-json\/wp\/v2\/pages\/1187\/revisions"}],"predecessor-version":[{"id":1188,"href":"https:\/\/sigmasystems.ee\/fi\/wp-json\/wp\/v2\/pages\/1187\/revisions\/1188"}],"wp:attachment":[{"href":"https:\/\/sigmasystems.ee\/fi\/wp-json\/wp\/v2\/media?parent=1187"}],"curies":[{"name":"wp","href":"https:\/\/api.w.org\/{rel}","templated":true}]}}