{"id":1185,"date":"2024-01-02T16:03:17","date_gmt":"2024-01-02T14:03:17","guid":{"rendered":"https:\/\/sigmasystems.ee\/birdblocker\/"},"modified":"2025-01-01T13:28:59","modified_gmt":"2025-01-01T11:28:59","slug":"birdblocker","status":"publish","type":"page","link":"https:\/\/sigmasystems.ee\/fi\/birdblocker\/","title":{"rendered":"BirdBlocker"},"content":{"rendered":"<p>Aurinkopaneelien alusta on harjakatoilla linnuille ihanteellinen pesimispaikka, sill\u00e4 paneelit ovat suunnattu kohti aurinkoa, ja niiden alla on mukavan l\u00e4mmint\u00e4. T\u00e4m\u00e4n vuoksi sinne kertyy paljon likaa ja \u201droskaa\u201d, mik\u00e4 voi vahingoittaa sek\u00e4 kattop\u00e4\u00e4llystett\u00e4 ett\u00e4 paneeleita ja niiden v\u00e4list\u00e4 kaapelointia. Paneelien ja katon v\u00e4lin voi kuitenkin suojata linnuilta <a href=\"https:\/\/birdblocker.com\/\" target=\"_blank\" rel=\"noopener\">Birdblocker<\/a>-j\u00e4rjestelm\u00e4ll\u00e4.<\/p>\n<p><img loading=\"lazy\" decoding=\"async\" class=\"alignnone size-full wp-image-513\" src=\"https:\/\/sigmasystems.ee\/wp-content\/uploads\/birdblocker-system.webp\" alt=\"\" width=\"1200\" height=\"744\" srcset=\"https:\/\/sigmasystems.ee\/wp-content\/uploads\/birdblocker-system.webp 1200w, https:\/\/sigmasystems.ee\/wp-content\/uploads\/birdblocker-system-300x186.webp 300w, https:\/\/sigmasystems.ee\/wp-content\/uploads\/birdblocker-system-1024x635.webp 1024w, https:\/\/sigmasystems.ee\/wp-content\/uploads\/birdblocker-system-768x476.webp 768w, https:\/\/sigmasystems.ee\/wp-content\/uploads\/birdblocker-system-235x146.webp 235w, https:\/\/sigmasystems.ee\/wp-content\/uploads\/birdblocker-system-50x31.webp 50w, https:\/\/sigmasystems.ee\/wp-content\/uploads\/birdblocker-system-150x93.webp 150w, https:\/\/sigmasystems.ee\/wp-content\/uploads\/birdblocker-system-800x496.webp 800w\" sizes=\"auto, (max-width:767px) 480px, (max-width:1200px) 100vw, 1200px\" \/><\/p>\n","protected":false},"excerpt":{"rendered":"<p>Aurinkopaneelien alusta on harjakatoilla linnuille ihanteellinen pesimispaikka, sill\u00e4 paneelit ovat suunnattu kohti aurinkoa, ja niiden alla on mukavan l\u00e4mmint\u00e4. T\u00e4m\u00e4n vuoksi sinne kertyy paljon likaa ja<span class=\"excerpt-hellip\"> [\u2026]<\/span><\/p>\n","protected":false},"author":1,"featured_media":0,"parent":0,"menu_order":0,"comment_status":"closed","ping_status":"closed","template":"","meta":{"_acf_changed":false,"footnotes":""},"class_list":["post-1185","page","type-page","status-publish","hentry"],"acf":[],"_links":{"self":[{"href":"https:\/\/sigmasystems.ee\/fi\/wp-json\/wp\/v2\/pages\/1185","targetHints":{"allow":["GET"]}}],"collection":[{"href":"https:\/\/sigmasystems.ee\/fi\/wp-json\/wp\/v2\/pages"}],"about":[{"href":"https:\/\/sigmasystems.ee\/fi\/wp-json\/wp\/v2\/types\/page"}],"author":[{"embeddable":true,"href":"https:\/\/sigmasystems.ee\/fi\/wp-json\/wp\/v2\/users\/1"}],"replies":[{"embeddable":true,"href":"https:\/\/sigmasystems.ee\/fi\/wp-json\/wp\/v2\/comments?post=1185"}],"version-history":[{"count":1,"href":"https:\/\/sigmasystems.ee\/fi\/wp-json\/wp\/v2\/pages\/1185\/revisions"}],"predecessor-version":[{"id":1186,"href":"https:\/\/sigmasystems.ee\/fi\/wp-json\/wp\/v2\/pages\/1185\/revisions\/1186"}],"wp:attachment":[{"href":"https:\/\/sigmasystems.ee\/fi\/wp-json\/wp\/v2\/media?parent=1185"}],"curies":[{"name":"wp","href":"https:\/\/api.w.org\/{rel}","templated":true}]}}