{"id":1183,"date":"2018-11-12T16:47:23","date_gmt":"2018-11-12T14:47:23","guid":{"rendered":"https:\/\/sigmasystems.ee\/akude-juhtimine\/"},"modified":"2025-01-01T13:27:35","modified_gmt":"2025-01-01T11:27:35","slug":"alykas-akunhallinta","status":"publish","type":"page","link":"https:\/\/sigmasystems.ee\/fi\/alykas-akunhallinta\/","title":{"rendered":"\u00c4lyk\u00e4s akunhallinta"},"content":{"rendered":"<p>Aurinkovoimaloiden vaiheittainen rakentaminen on t\u00e4ysin tavanomainen k\u00e4yt\u00e4nt\u00f6. Ensimm\u00e4isess\u00e4 vaiheessa asennetaan paneelit ja invertteri. Toisessa vaiheessa lis\u00e4t\u00e4\u00e4n akut. Kolmannessa vaiheessa akkuja t\u00e4ydennet\u00e4\u00e4n. Sitten huomataan, ett\u00e4 olisi todella hy\u00f6dyllist\u00e4 hallita akkujen k\u00e4ytt\u00f6\u00e4, jotta akkuun tallennettua energiaa ei k\u00e4ytett\u00e4isi \u201dv\u00e4\u00e4r\u00e4\u00e4n aikaan\u201d.<\/p>\n<p>Useimpien invertterivalmistajien monitorointiohjelmistot mahdollistavat yleens\u00e4 invertterin toimintatilan (esim. \u201dbattery first\u201d, \u201dload first\u201d, \u201dgrid first\u201d) manuaalisen muuttamisen sek\u00e4 n\u00e4iden tilojen aikataulutuksen. N\u00e4it\u00e4 asetuksia pit\u00e4isi kuitenkin muuttaa k\u00e4sin p\u00e4ivitt\u00e4in. K\u00e4yt\u00e4nn\u00f6ss\u00e4 asiakas joutuisi n\u00e4in ollen l\u00e4hes huoltovapaan j\u00e4rjestelm\u00e4n p\u00e4ivitt\u00e4iseksi \u201dl\u00e4mmitt\u00e4j\u00e4ksi\u201d.Energia-akkujen k\u00e4yt\u00f6n hallintaan olisi siksi j\u00e4rkev\u00e4\u00e4 k\u00e4ytt\u00e4\u00e4 automatiikkaa, joka parhaassa tapauksessa osaa ennustaa seuraavan p\u00e4iv\u00e4n s\u00e4\u00e4olosuhteet, kotitalouden tavanomaisen energiankulutuksen ja luonnollisesti my\u00f6s energian hinnan, joka muuttuu 15-minuutin v\u00e4lein. Lis\u00e4ksi t\u00e4llaisen ohjauslaitteen tulisi olla niin \u00e4lyk\u00e4s, ett\u00e4 se voi tiettyjen oletettujen parametrien muuttuessa luoda ja toteuttaa uuden suunnitelman. Ja jos energian hinta on negatiivinen, se rajoittaisi verkkoon myyt\u00e4v\u00e4\u00e4 energiaa samalla kun se edelleen kattaisi kotitalouden sis\u00e4isen kulutuksen.<\/p>\n<p><img loading=\"lazy\" decoding=\"async\" class=\"alignnone wp-image-843\" src=\"https:\/\/sigmasystems.ee\/wp-content\/uploads\/DME-300x145.jpg\" alt=\"\" width=\"815\" height=\"394\" srcset=\"https:\/\/sigmasystems.ee\/wp-content\/uploads\/DME-300x145.jpg 300w, https:\/\/sigmasystems.ee\/wp-content\/uploads\/DME-1024x494.jpg 1024w, https:\/\/sigmasystems.ee\/wp-content\/uploads\/DME-768x370.jpg 768w, https:\/\/sigmasystems.ee\/wp-content\/uploads\/DME-150x72.jpg 150w, https:\/\/sigmasystems.ee\/wp-content\/uploads\/DME-480x231.jpg 480w, https:\/\/sigmasystems.ee\/wp-content\/uploads\/DME-800x386.jpg 800w, https:\/\/sigmasystems.ee\/wp-content\/uploads\/DME.jpg 1085w\" sizes=\"auto, (max-width:767px) 480px, (max-width:815px) 100vw, 815px\" \/><\/p>\n<p>Tietysti ohjauslaitteet ovat tarpeen my\u00f6s suuremmissa akkul\u00f6sennyksiss\u00e4, jotka voivat olla vain energian tuottamiseen rakennettujen aurinkopuistojen yhteydess\u00e4. Tai vain akkul\u00f6sennyksiss\u00e4, joissa ei ole lainkaan aurinkopaneeleja.<\/p>\n<p>P\u00e4ivitt\u00e4isten p\u00f6rssihintojen, eli niin sanotun arbitraasin lis\u00e4ksi, aurinkovoimaloiden ja akkujen omistajilla, niin yrityksill\u00e4 kuin yksityishenkil\u00f6ill\u00e4, on mahdollisuus osallistua my\u00f6s taajuusmarkkinoille tarjoamalla taajuusvarantoja ja tienaamalla t\u00e4t\u00e4 kautta tuloa. Taajuusvarantoja tarvitaan, jotta alueen s\u00e4hk\u00f6markkinan taajuutta voidaan s\u00e4\u00e4t\u00e4\u00e4 joko sy\u00f6tt\u00e4m\u00e4ll\u00e4 energiaa verkkoon tai ottamalla sit\u00e4 pois. Taajuusvarannon p\u00e4\u00e4asialliset tuotteet ovat:<\/p>\n<ul>\n<li>FCR eli primaarivaraus \u2013 reagoi ensin taajuuden muutoksiin.<\/li>\n<li>aFRR eli sekundaarivaraus \u2013 s\u00e4\u00e4t\u00e4\u00e4 taajuutta automaattisesti.<\/li>\n<li>mFRR eli tertsiaalivaraus \u2013 mahdollistaa taajuuden k\u00e4sin s\u00e4\u00e4t\u00e4misen.<\/li>\n<\/ul>\n<p>Samanlaisten ratkaisujen tarjoajia on useita (MarkeDroid, Dercoord, Qilowatt, AI Power, Capalo AI), ja kaikki niist\u00e4 kehittyv\u00e4t jatkuvasti tarkemmiksi. Todenn\u00e4k\u00f6isesti ei koskaan tule olemaan t\u00e4ydellist\u00e4 ohjauslaitetta, joka tekisi aina oikeat p\u00e4\u00e4t\u00f6kset, mutta ilman t\u00e4llaista ratkaisua jokainen akkuj\u00e4rjestelm\u00e4 on l\u00e4hinn\u00e4 puoliv\u00e4lin ratkaisu.<\/p>\n","protected":false},"excerpt":{"rendered":"<p>Aurinkovoimaloiden vaiheittainen rakentaminen on t\u00e4ysin tavanomainen k\u00e4yt\u00e4nt\u00f6. Ensimm\u00e4isess\u00e4 vaiheessa asennetaan paneelit ja invertteri. Toisessa vaiheessa lis\u00e4t\u00e4\u00e4n akut. Kolmannessa vaiheessa akkuja t\u00e4ydennet\u00e4\u00e4n. Sitten huomataan, ett\u00e4 olisi todella<span class=\"excerpt-hellip\"> [\u2026]<\/span><\/p>\n","protected":false},"author":1,"featured_media":0,"parent":0,"menu_order":0,"comment_status":"closed","ping_status":"closed","template":"","meta":{"_acf_changed":false,"footnotes":""},"class_list":["post-1183","page","type-page","status-publish","hentry"],"acf":[],"_links":{"self":[{"href":"https:\/\/sigmasystems.ee\/fi\/wp-json\/wp\/v2\/pages\/1183","targetHints":{"allow":["GET"]}}],"collection":[{"href":"https:\/\/sigmasystems.ee\/fi\/wp-json\/wp\/v2\/pages"}],"about":[{"href":"https:\/\/sigmasystems.ee\/fi\/wp-json\/wp\/v2\/types\/page"}],"author":[{"embeddable":true,"href":"https:\/\/sigmasystems.ee\/fi\/wp-json\/wp\/v2\/users\/1"}],"replies":[{"embeddable":true,"href":"https:\/\/sigmasystems.ee\/fi\/wp-json\/wp\/v2\/comments?post=1183"}],"version-history":[{"count":1,"href":"https:\/\/sigmasystems.ee\/fi\/wp-json\/wp\/v2\/pages\/1183\/revisions"}],"predecessor-version":[{"id":1184,"href":"https:\/\/sigmasystems.ee\/fi\/wp-json\/wp\/v2\/pages\/1183\/revisions\/1184"}],"wp:attachment":[{"href":"https:\/\/sigmasystems.ee\/fi\/wp-json\/wp\/v2\/media?parent=1183"}],"curies":[{"name":"wp","href":"https:\/\/api.w.org\/{rel}","templated":true}]}}