{"id":1179,"date":"2018-11-12T16:46:51","date_gmt":"2018-11-12T14:46:51","guid":{"rendered":"https:\/\/sigmasystems.ee\/kinnitussusteemid\/"},"modified":"2025-01-01T13:25:04","modified_gmt":"2025-01-01T11:25:04","slug":"kiinnitysjarjestelmat","status":"publish","type":"page","link":"https:\/\/sigmasystems.ee\/fi\/kiinnitysjarjestelmat\/","title":{"rendered":"Kiinnitysj\u00e4rjestelm\u00e4t"},"content":{"rendered":"<p>Aurinkopaneelien asentamiseen katoille, seinille ja maahan\u00a0<strong>SigmaSystems O\u00dc<\/strong>\u00a0k\u00e4ytt\u00e4\u00e4 lisensoituja tuotteita tunnetuilta valmistajilta Euroopasta ja sen ulkopuolelta (Renusol, Mounting Systems, Orima, Tree Systems, Corab).<\/p>\n<p>Harjakatoille aurinkopaneelit asennetaan yleens\u00e4 olemassa olevan kattomateriaalin suuntaisesti ja kiinnitet\u00e4\u00e4n joko kattopintaan tai katon alusrakenteeseen. Kiinnitys riippuu k\u00e4ytett\u00e4v\u00e4st\u00e4 kattomateriaalista: katemateriaalikohtaisiin kiinnikkeisiin asennetaan kiskot, joihin aurinkopaneelit kiinnitet\u00e4\u00e4n kiinnitysklipsien avulla.<\/p>\n<p><img loading=\"lazy\" decoding=\"async\" class=\"wp-image-816 alignleft\" src=\"https:\/\/sigmasystems.ee\/wp-content\/uploads\/Renusol-VS-300x150.jpg\" alt=\"\" width=\"704\" height=\"352\" srcset=\"https:\/\/sigmasystems.ee\/wp-content\/uploads\/Renusol-VS-300x150.jpg 300w, https:\/\/sigmasystems.ee\/wp-content\/uploads\/Renusol-VS-768x384.jpg 768w, https:\/\/sigmasystems.ee\/wp-content\/uploads\/Renusol-VS-150x75.jpg 150w, https:\/\/sigmasystems.ee\/wp-content\/uploads\/Renusol-VS-480x240.jpg 480w, https:\/\/sigmasystems.ee\/wp-content\/uploads\/Renusol-VS-800x400.jpg 800w, https:\/\/sigmasystems.ee\/wp-content\/uploads\/Renusol-VS.jpg 900w\" sizes=\"auto, (max-width:767px) 480px, 704px\" \/><\/p>\n<p>&nbsp;<\/p>\n<p>&nbsp;<\/p>\n<p>&nbsp;<\/p>\n<p>&nbsp;<\/p>\n<p>&nbsp;<\/p>\n<p>&nbsp;<\/p>\n<p>&nbsp;<\/p>\n<p>&nbsp;<\/p>\n<p>&nbsp;<\/p>\n<p>&nbsp;<\/p>\n<p>Tasakatoilla aurinkopaneelit asennetaan yleens\u00e4 asennuskehyksiin, jotka kallistetaan 10\u201320 asteen kulmaan suhteessa kattopintaan. Yleisin asennustapa on k\u00e4ytt\u00e4\u00e4 pelk\u00e4st\u00e4\u00e4n ballastipainoja ilman, ett\u00e4 katemateriaaliin tehd\u00e4\u00e4n l\u00e4pivientej\u00e4.<\/p>\n<p>Kunkin paneelin tarvitseman ballasti paino m\u00e4\u00e4ritet\u00e4\u00e4n useimmiten erityisohjelmistolla teht\u00e4v\u00e4n ballastilaskelman avulla. Ballastin paino riippuu valitusta asennuskehyksest\u00e4, paneelin sijainnista katolla, rakennuksen korkeudesta sek\u00e4 sen sijainnista tuulikuormitusalueilla.<\/p>\n<p><img loading=\"lazy\" decoding=\"async\" class=\"wp-image-815 alignleft\" src=\"https:\/\/sigmasystems.ee\/wp-content\/uploads\/Renusol-EW-300x169.webp\" alt=\"\" width=\"662\" height=\"373\" srcset=\"https:\/\/sigmasystems.ee\/wp-content\/uploads\/Renusol-EW-300x169.webp 300w, https:\/\/sigmasystems.ee\/wp-content\/uploads\/Renusol-EW-133x75.webp 133w, https:\/\/sigmasystems.ee\/wp-content\/uploads\/Renusol-EW-480x270.webp 480w, https:\/\/sigmasystems.ee\/wp-content\/uploads\/Renusol-EW-150x84.webp 150w, https:\/\/sigmasystems.ee\/wp-content\/uploads\/Renusol-EW.webp 758w\" sizes=\"auto, (max-width:767px) 480px, 662px\" \/><\/p>\n<p>&nbsp;<\/p>\n<p>&nbsp;<\/p>\n<p>&nbsp;<\/p>\n<p>&nbsp;<\/p>\n<p>&nbsp;<\/p>\n<p>&nbsp;<\/p>\n<p>&nbsp;<\/p>\n<p>&nbsp;<\/p>\n<p>&nbsp;<\/p>\n<p>&nbsp;<\/p>\n<p>&nbsp;<\/p>\n<p>Jos tasakaton kaltevuus ylitt\u00e4\u00e4 asennuskehyksen teknisell\u00e4 tietolehdell\u00e4 m\u00e4\u00e4ritetyn rajan pelkk\u00e4\u00e4 ballastikiinnityst\u00e4 varten tai jos katon rakenne ei kest\u00e4 paneelien ja ballastipainojen lis\u00e4\u00e4m\u00e4\u00e4 kuormitusta, asennamme kehyksen joko katemateriaaliin liimattavilla tai aluskatteeseen ruuvattavilla kiinnikkeill\u00e4 (esimerkiksi\u00a0<strong>Orima SolarUp<\/strong>).<\/p>\n<p>&nbsp;<\/p>\n<p><img loading=\"lazy\" decoding=\"async\" class=\"alignnone wp-image-831\" src=\"https:\/\/sigmasystems.ee\/wp-content\/uploads\/Orima-up3.jpg\" alt=\"\" width=\"382\" height=\"237\" srcset=\"https:\/\/sigmasystems.ee\/wp-content\/uploads\/Orima-up3.jpg 285w, https:\/\/sigmasystems.ee\/wp-content\/uploads\/Orima-up3-121x75.jpg 121w, https:\/\/sigmasystems.ee\/wp-content\/uploads\/Orima-up3-150x93.jpg 150w\" sizes=\"auto, (max-width:767px) 382px, 382px\" \/>\u00a0 \u00a0 \u00a0 \u00a0 \u00a0 \u00a0 \u00a0 \u00a0 \u00a0<img loading=\"lazy\" decoding=\"async\" class=\"alignnone wp-image-823\" src=\"https:\/\/sigmasystems.ee\/wp-content\/uploads\/Orima-up.jpg\" alt=\"\" width=\"396\" height=\"238\" srcset=\"https:\/\/sigmasystems.ee\/wp-content\/uploads\/Orima-up.jpg 290w, https:\/\/sigmasystems.ee\/wp-content\/uploads\/Orima-up-125x75.jpg 125w, https:\/\/sigmasystems.ee\/wp-content\/uploads\/Orima-up-150x90.jpg 150w\" sizes=\"auto, (max-width:767px) 396px, 396px\" \/><\/p>\n<p>Tasakatoille pyrimme asentamaan aurinkopaneelit mahdollisimman optimaalisesti aurinkoa kohti, huomioiden my\u00f6s rakennuksen sijainnin ja katon asennukset (kuten savupiiput, ilmanvaihtolaitteet, savunpoistoluukut jne.). Paneelirivit tasakatoilla voidaan suunnata joko mahdollisimman etel\u00e4\u00e4n tai it\u00e4-l\u00e4nsi-suuntaisesti. Useimmiten asennamme paneelirivit rakennuksen seinien suuntaisesti.<\/p>\n<p>Aurinkopaneelien asentaminen on j\u00e4rkev\u00e4\u00e4 my\u00f6s parvekekaiteisiin tai etel\u00e4isiin ulkoseiniin pystysuoraan. Seinien asennuksia varten k\u00e4yt\u00e4mme r\u00e4\u00e4t\u00e4l\u00f6ityj\u00e4 ratkaisuja.<\/p>\n<p>Maakiinnikkeisiin asennamme aurinkopaneelit joko maaper\u00e4\u00e4n ly\u00f6tyjen paalujen varaan tai perustuksiin kiinnitettyn\u00e4. Paneelit asennetaan yleens\u00e4 35 asteen kulmaan maanpinnasta. Paneelit voivat olla maakehyksiss\u00e4 useassa riviss\u00e4 joko pysty- (portrait) tai vaakasuorassa (landscape) asennossa. Rivit suunnataan joko etel\u00e4\u00e4n tai tarvittaessa my\u00f6s osittain kaakkoon tai lounaaseen, riippuen aurinkovoimalan k\u00e4ytt\u00e4jien tarpeista. K\u00e4yt\u00e4mme my\u00f6s tasakattojen asennuskehysten kaltaisia it\u00e4-l\u00e4nsi-suuntaisia asennusrivej\u00e4 vastaavissa maakehyksiss\u00e4.<\/p>\n<p><img loading=\"lazy\" decoding=\"async\" class=\"alignnone wp-image-838\" src=\"https:\/\/sigmasystems.ee\/wp-content\/uploads\/Vasu-300x225.jpg\" alt=\"\" width=\"730\" height=\"548\" srcset=\"https:\/\/sigmasystems.ee\/wp-content\/uploads\/Vasu-300x225.jpg 300w, https:\/\/sigmasystems.ee\/wp-content\/uploads\/Vasu-1024x768.jpg 1024w, https:\/\/sigmasystems.ee\/wp-content\/uploads\/Vasu-768x576.jpg 768w, https:\/\/sigmasystems.ee\/wp-content\/uploads\/Vasu-1536x1152.jpg 1536w, https:\/\/sigmasystems.ee\/wp-content\/uploads\/Vasu-100x75.jpg 100w, https:\/\/sigmasystems.ee\/wp-content\/uploads\/Vasu-960x720.jpg 960w, https:\/\/sigmasystems.ee\/wp-content\/uploads\/Vasu-480x360.jpg 480w, https:\/\/sigmasystems.ee\/wp-content\/uploads\/Vasu-133x100.jpg 133w, https:\/\/sigmasystems.ee\/wp-content\/uploads\/Vasu-800x600.jpg 800w, https:\/\/sigmasystems.ee\/wp-content\/uploads\/Vasu.jpg 2016w\" sizes=\"auto, (max-width:767px) 480px, 730px\" \/><\/p>\n","protected":false},"excerpt":{"rendered":"<p>Aurinkopaneelien asentamiseen katoille, seinille ja maahan\u00a0SigmaSystems O\u00dc\u00a0k\u00e4ytt\u00e4\u00e4 lisensoituja tuotteita tunnetuilta valmistajilta Euroopasta ja sen ulkopuolelta (Renusol, Mounting Systems, Orima, Tree Systems, Corab). Harjakatoille aurinkopaneelit asennetaan yleens\u00e4<span class=\"excerpt-hellip\"> [\u2026]<\/span><\/p>\n","protected":false},"author":1,"featured_media":0,"parent":0,"menu_order":0,"comment_status":"closed","ping_status":"closed","template":"","meta":{"_acf_changed":false,"footnotes":""},"class_list":["post-1179","page","type-page","status-publish","hentry"],"acf":[],"_links":{"self":[{"href":"https:\/\/sigmasystems.ee\/fi\/wp-json\/wp\/v2\/pages\/1179","targetHints":{"allow":["GET"]}}],"collection":[{"href":"https:\/\/sigmasystems.ee\/fi\/wp-json\/wp\/v2\/pages"}],"about":[{"href":"https:\/\/sigmasystems.ee\/fi\/wp-json\/wp\/v2\/types\/page"}],"author":[{"embeddable":true,"href":"https:\/\/sigmasystems.ee\/fi\/wp-json\/wp\/v2\/users\/1"}],"replies":[{"embeddable":true,"href":"https:\/\/sigmasystems.ee\/fi\/wp-json\/wp\/v2\/comments?post=1179"}],"version-history":[{"count":2,"href":"https:\/\/sigmasystems.ee\/fi\/wp-json\/wp\/v2\/pages\/1179\/revisions"}],"predecessor-version":[{"id":1181,"href":"https:\/\/sigmasystems.ee\/fi\/wp-json\/wp\/v2\/pages\/1179\/revisions\/1181"}],"wp:attachment":[{"href":"https:\/\/sigmasystems.ee\/fi\/wp-json\/wp\/v2\/media?parent=1179"}],"curies":[{"name":"wp","href":"https:\/\/api.w.org\/{rel}","templated":true}]}}