{"id":1176,"date":"2018-11-12T16:46:28","date_gmt":"2018-11-12T14:46:28","guid":{"rendered":"https:\/\/sigmasystems.ee\/inverterid\/"},"modified":"2025-01-01T13:22:55","modified_gmt":"2025-01-01T11:22:55","slug":"invertterit","status":"publish","type":"page","link":"https:\/\/sigmasystems.ee\/fi\/invertterit\/","title":{"rendered":"Invertterit"},"content":{"rendered":"<p>Invertteri on laite, joka muuntaa aurinkopaneeleissa tuotetun tasavirran arjessa k\u00e4ytett\u00e4v\u00e4\u00e4n s\u00e4hk\u00f6verkkoon soveltuvaksi vaihtovirraksi. Riippuen siit\u00e4, onko aurinkos\u00e4hk\u00f6voimala liitetty paikalliseen s\u00e4hk\u00f6verkkoon vai ei, ja siit\u00e4, onko aurinkos\u00e4hk\u00f6voimalalla energiavarastointikapasiteettia vai ei, aurinkos\u00e4hk\u00f6voimaloiden rakentamisessa k\u00e4ytet\u00e4\u00e4n erilaisia invertterityyppej\u00e4. Useimmat suuret invertterivalmistajat tuottavat useita erilaisia invertterityyppej\u00e4. SigmaSystems k\u00e4ytt\u00e4\u00e4 p\u00e4\u00e4asiassa tunnettujen eurooppalaisten valmistajien, kuten Fronius, SMA, SolarEdge, sek\u00e4 aasialaisten valmistajien Solplanet, Huawei, Deye ja Hoymiles, inverttereit\u00e4.<\/p>\n<p><img loading=\"lazy\" decoding=\"async\" class=\"alignnone size-medium wp-image-473\" src=\"https:\/\/sigmasystems.ee\/wp-content\/uploads\/GALLERY-SOLPLANET-ASW-40-50-LT-G2-Pro_right-view-300x300.png\" alt=\"\" width=\"300\" height=\"300\" srcset=\"https:\/\/sigmasystems.ee\/wp-content\/uploads\/GALLERY-SOLPLANET-ASW-40-50-LT-G2-Pro_right-view-300x300.png 300w, https:\/\/sigmasystems.ee\/wp-content\/uploads\/GALLERY-SOLPLANET-ASW-40-50-LT-G2-Pro_right-view-150x150.png 150w, https:\/\/sigmasystems.ee\/wp-content\/uploads\/GALLERY-SOLPLANET-ASW-40-50-LT-G2-Pro_right-view-768x768.png 768w, https:\/\/sigmasystems.ee\/wp-content\/uploads\/GALLERY-SOLPLANET-ASW-40-50-LT-G2-Pro_right-view-146x146.png 146w, https:\/\/sigmasystems.ee\/wp-content\/uploads\/GALLERY-SOLPLANET-ASW-40-50-LT-G2-Pro_right-view-50x50.png 50w, https:\/\/sigmasystems.ee\/wp-content\/uploads\/GALLERY-SOLPLANET-ASW-40-50-LT-G2-Pro_right-view-100x100.png 100w, https:\/\/sigmasystems.ee\/wp-content\/uploads\/GALLERY-SOLPLANET-ASW-40-50-LT-G2-Pro_right-view-85x85.png 85w, https:\/\/sigmasystems.ee\/wp-content\/uploads\/GALLERY-SOLPLANET-ASW-40-50-LT-G2-Pro_right-view-80x80.png 80w, https:\/\/sigmasystems.ee\/wp-content\/uploads\/GALLERY-SOLPLANET-ASW-40-50-LT-G2-Pro_right-view.png 800w\" sizes=\"auto, (max-width:767px) 300px, 300px\" \/><\/p>\n<p>Paikalliseen jakeluverkkoon liitettyjen aurinkos\u00e4hk\u00f6voimaloiden (ns. \u201don-grid\u201d-voimalat) rakentamisessa saa k\u00e4ytt\u00e4\u00e4 vain jakeluverkon hyv\u00e4ksymi\u00e4 inverttereit\u00e4. Vastaava luettelo l\u00f6ytyy jakeluverkon operaattorin verkkosivuilta. On-grid-invertterit voivat olla joko akkuja (akkupankkeja) ohjaavia tai ilman t\u00e4t\u00e4 ominaisuutta. Ilman tallennusmahdollisuutta olevat invertterit toimivat vain, kun verkkoyhteys on k\u00e4ytett\u00e4viss\u00e4. T\u00e4m\u00e4 tarkoittaa, ett\u00e4 t\u00e4llainen aurinkos\u00e4hk\u00f6voimala tuottaa s\u00e4hk\u00f6\u00e4 vain, kun verkkoyhteys on olemassa. Verkkoyhteyden katkeaminen pys\u00e4ytt\u00e4\u00e4 t\u00e4llaisen voimalan toiminnan. Tallennusmahdollisuudella varustettuja on-grid-inverttereit\u00e4, joihin on liitetty akkupankki, kutsutaan hybridi-inverttereiksi. Ne voivat toimittaa s\u00e4hk\u00f6\u00e4 kytketyille kuluttajille my\u00f6s verkkoyhteyden katketessa (edellytt\u00e4en, ett\u00e4 suojattu kuluttajalinja eli ns. backup-linja on rakennettu). T\u00e4ll\u00f6in hybridi-invertteri toimittaa s\u00e4hk\u00f6\u00e4 joko siihen liitetyist\u00e4 aurinkopaneeleista tai akkuun tallennetusta energiasta niin kauan kuin paneelit tuottavat energiaa tai akussa riitt\u00e4\u00e4 varastoitua energiaa. Hybridi-inverttereit\u00e4 ei ole suunniteltu toimimaan jatkuvasti ilman ulkoista verkkoyhteytt\u00e4.<\/p>\n<p>Jos halutaan rakentaa aurinkos\u00e4hk\u00f6voimala ilman verkkoyhteytt\u00e4 (ns. \u201doff-grid\u201d-voimala), on k\u00e4ytett\u00e4v\u00e4 siihen tarkoitettuja off-grid-inverttereit\u00e4. Tyypillinen off-grid-invertteri tukee energiavarastointia akkuihin. Siihen liitet\u00e4\u00e4n yleens\u00e4 aurinkopaneelit (ensisijaisesti akkujen lataamiseen), ja useimmiten off-grid-voimalan akkuja voidaan ladata my\u00f6s diesel- tai bensiinigeneraattorilla. Tunnetuin off-grid-invertterien valmistaja on Victron. Off-grid-voimalan invertteri pystyy itsen\u00e4isesti tuottamaan s\u00e4hk\u00f6verkon taajuuden.<\/p>\n<p>On-grid-invertterien joukkoon kuuluvat my\u00f6s mikroinvertterit. Mikroinvertterit ovat kooltaan pienempi\u00e4, ja ne asennetaan kiinnitysosien avulla paneelien alle. Ne voivat olla joko 1- tai 3-vaiheisia inverttereit\u00e4. Yleens\u00e4 mikroinvertteri on suunniteltu yhdistett\u00e4v\u00e4ksi 2\u20136 aurinkopaneeliin. Mikroinvertterit mahdollistavat aurinkos\u00e4hk\u00f6voimaloiden rakentamisen jaetuille katoille, joissa paneelit on asennettava useaan eri suuntaan. Mikroinvertterit kytket\u00e4\u00e4n sarjaan 220 V:n j\u00e4nnitteell\u00e4 toimivilla vaihtovirtakaapeleilla, jotka puolestaan yhdistet\u00e4\u00e4n kiinteist\u00f6n s\u00e4hk\u00f6verkkoon.<\/p>\n<p>Jaetuille katoille aurinkopaneelien asentamiseen mikroinverttereiden sijasta voidaan k\u00e4ytt\u00e4\u00e4 my\u00f6s optimoijia yhdess\u00e4 optimoijia tukevan invertterin (kuten SolarEdge, Huawei, Deye) kanssa. Paneelit liitet\u00e4\u00e4n invertteriin yleens\u00e4 sarjoina (stringein\u00e4). Jos jokin paneeli sarjassa on varjossa, sen sarjan energian tuottokyky heikkenee merkitt\u00e4v\u00e4sti. Optimoija on laite, joka asennetaan paneelien alle ja joka mahdollistaa varjossa olevan paneelin tapauksessa muiden saman sarjan paneelien tuottaa s\u00e4hk\u00f6\u00e4 invertterille.<\/p>\n<p><img loading=\"lazy\" decoding=\"async\" class=\"alignnone size-medium wp-image-424\" src=\"https:\/\/sigmasystems.ee\/wp-content\/uploads\/HMS-1600-300x300.png\" alt=\"\" width=\"300\" height=\"300\" srcset=\"https:\/\/sigmasystems.ee\/wp-content\/uploads\/HMS-1600-300x300.png 300w, https:\/\/sigmasystems.ee\/wp-content\/uploads\/HMS-1600-150x150.png 150w, https:\/\/sigmasystems.ee\/wp-content\/uploads\/HMS-1600-146x146.png 146w, https:\/\/sigmasystems.ee\/wp-content\/uploads\/HMS-1600-50x50.png 50w, https:\/\/sigmasystems.ee\/wp-content\/uploads\/HMS-1600-100x100.png 100w, https:\/\/sigmasystems.ee\/wp-content\/uploads\/HMS-1600-85x85.png 85w, https:\/\/sigmasystems.ee\/wp-content\/uploads\/HMS-1600-80x80.png 80w, https:\/\/sigmasystems.ee\/wp-content\/uploads\/HMS-1600.png 600w\" sizes=\"auto, (max-width:767px) 300px, 300px\" \/><\/p>\n<p>Sek\u00e4 mikroinverttereill\u00e4 ett\u00e4 optimoijilla varustetuilla aurinkos\u00e4hk\u00f6j\u00e4rjestelmill\u00e4 on jaetulle katolle asentamisen lis\u00e4ksi my\u00f6s muita merkitt\u00e4vi\u00e4 etuja::<\/p>\n<ul>\n<li><strong>Moduulikohtainen seuranta<\/strong>\u00a0\u2013 Mahdollistaa aurinkopaneelien tuotannon seurannan moduulikohtaisesti tai v\u00e4hint\u00e4\u00e4n MPPT-tulotasolla (mikroinverttereill\u00e4 jopa 2 paneelin osalta). T\u00e4m\u00e4 helpottaa merkitt\u00e4v\u00e4sti aurinkovoimalan huoltoa!<\/li>\n<li><strong>Turvallisuus<\/strong>\u00a0\u2013 S\u00e4hk\u00f6verkon h\u00e4iri\u00f6n (s\u00e4hk\u00f6katkoksen tai tahallisen katkaisun esimerkiksi h\u00e4t\u00e4tilanteessa) sattuessa my\u00f6s tasavirtapiirien j\u00e4nnite pysyy matalana, mik\u00e4 ei aiheuta vaaraa ihmisille.<\/li>\n<li><strong>Varjostusten vaikutusten minimointi<\/strong>\u00a0\u2013 Varjostus yhdell\u00e4 aurinkopaneelilla ei vaikuta auringonvalossa olevien paneelien tuotantoon. T\u00e4m\u00e4 mahdollistaa tuotannon lis\u00e4\u00e4misen 5\u201330 % verrattuna perinteiseen invertterij\u00e4rjestelm\u00e4\u00e4n, riippuen katon olosuhteista.<\/li>\n<\/ul>\n<p>SigmaSystems O\u00dc suunnittelee jokaisen aurinkovoimalan asiakkaan tarpeiden mukaan. Koska emme ole sidottuja yhteen tiettyyn invertterivalmistajaan, voit olla varma, ett\u00e4 saat meilt\u00e4 juuri sinulle sopivimman teknisen ratkaisun, joka vastaa kotisi ja s\u00e4hk\u00f6nkulutuksesi erityispiirteit\u00e4.<\/p>\n","protected":false},"excerpt":{"rendered":"<p>Invertteri on laite, joka muuntaa aurinkopaneeleissa tuotetun tasavirran arjessa k\u00e4ytett\u00e4v\u00e4\u00e4n s\u00e4hk\u00f6verkkoon soveltuvaksi vaihtovirraksi. Riippuen siit\u00e4, onko aurinkos\u00e4hk\u00f6voimala liitetty paikalliseen s\u00e4hk\u00f6verkkoon vai ei, ja siit\u00e4, onko aurinkos\u00e4hk\u00f6voimalalla<span class=\"excerpt-hellip\"> [\u2026]<\/span><\/p>\n","protected":false},"author":1,"featured_media":0,"parent":0,"menu_order":0,"comment_status":"closed","ping_status":"closed","template":"","meta":{"_acf_changed":false,"footnotes":""},"class_list":["post-1176","page","type-page","status-publish","hentry"],"acf":[],"_links":{"self":[{"href":"https:\/\/sigmasystems.ee\/fi\/wp-json\/wp\/v2\/pages\/1176","targetHints":{"allow":["GET"]}}],"collection":[{"href":"https:\/\/sigmasystems.ee\/fi\/wp-json\/wp\/v2\/pages"}],"about":[{"href":"https:\/\/sigmasystems.ee\/fi\/wp-json\/wp\/v2\/types\/page"}],"author":[{"embeddable":true,"href":"https:\/\/sigmasystems.ee\/fi\/wp-json\/wp\/v2\/users\/1"}],"replies":[{"embeddable":true,"href":"https:\/\/sigmasystems.ee\/fi\/wp-json\/wp\/v2\/comments?post=1176"}],"version-history":[{"count":2,"href":"https:\/\/sigmasystems.ee\/fi\/wp-json\/wp\/v2\/pages\/1176\/revisions"}],"predecessor-version":[{"id":1178,"href":"https:\/\/sigmasystems.ee\/fi\/wp-json\/wp\/v2\/pages\/1176\/revisions\/1178"}],"wp:attachment":[{"href":"https:\/\/sigmasystems.ee\/fi\/wp-json\/wp\/v2\/media?parent=1176"}],"curies":[{"name":"wp","href":"https:\/\/api.w.org\/{rel}","templated":true}]}}