{"id":1174,"date":"2018-11-12T16:42:47","date_gmt":"2018-11-12T14:42:47","guid":{"rendered":"https:\/\/sigmasystems.ee\/soojuspumbad\/"},"modified":"2025-01-01T13:19:35","modified_gmt":"2025-01-01T11:19:35","slug":"konttiakut","status":"publish","type":"page","link":"https:\/\/sigmasystems.ee\/fi\/konttiakut\/","title":{"rendered":"Konttiakut"},"content":{"rendered":"<p>Suuremmat s\u00e4hk\u00f6nkuluttajat (kuten liikekiinteist\u00f6t, tehtaat ja varastot) voivat aurinkopaneeleilla ja konttiakkuratkaisuilla maksimoida energian omavaraisuutensa ja v\u00e4hent\u00e4\u00e4 verkosta ostettavan energian m\u00e4\u00e4r\u00e4\u00e4. Konttipohjaisia varastointij\u00e4rjestelmi\u00e4 voidaan asentaa my\u00f6s ilman aurinkopaneeleja \u2013 esimerkiksi kattamaan kulutushuippuja tai varastoimaan energiaa korkeiden s\u00e4hk\u00f6nhintojen ajalle, mik\u00e4 auttaa pienent\u00e4m\u00e4\u00e4n s\u00e4hk\u00f6laskuja ja v\u00e4hent\u00e4m\u00e4\u00e4n ymp\u00e4rist\u00f6vaikutuksia.<\/p>\n<p>K\u00e4yt\u00f6ss\u00e4 on eritt\u00e4in laaja valikoima tuotteita. Mit\u00e4 suurempi kontti, sit\u00e4 suurempi varastointikapasiteetti. Pienemmiss\u00e4 konteissa kapasiteetti on yleens\u00e4 noin 60 kWh, kun taas suurissa (jopa 40 jalan merikontit) kapasiteetti on noin 1 MWh. Useimmiten t\u00e4llaisiin konttiratkaisuihin on sis\u00e4\u00e4nrakennettu kaikki itsen\u00e4iseen toimintaan tarvittava, kuten invertteri, akut ja BMS (akuston hallintaj\u00e4rjestelm\u00e4). Lis\u00e4ksi niiss\u00e4 on ilmastointilaite ja palonsammutusj\u00e4rjestelm\u00e4. Tarvitaan vain verkkoyhteys ja mahdollisuuksien mukaan aurinkopaneelien liit\u00e4nt\u00e4.<\/p>\n<p><img loading=\"lazy\" decoding=\"async\" class=\"alignnone wp-image-806\" src=\"https:\/\/sigmasystems.ee\/wp-content\/uploads\/deye-konteiner-300x300.jpg\" alt=\"\" width=\"215\" height=\"215\" srcset=\"https:\/\/sigmasystems.ee\/wp-content\/uploads\/deye-konteiner-300x300.jpg 300w, https:\/\/sigmasystems.ee\/wp-content\/uploads\/deye-konteiner-150x150.jpg 150w, https:\/\/sigmasystems.ee\/wp-content\/uploads\/deye-konteiner-768x768.jpg 768w, https:\/\/sigmasystems.ee\/wp-content\/uploads\/deye-konteiner-75x75.jpg 75w, https:\/\/sigmasystems.ee\/wp-content\/uploads\/deye-konteiner-480x480.jpg 480w, https:\/\/sigmasystems.ee\/wp-content\/uploads\/deye-konteiner-100x100.jpg 100w, https:\/\/sigmasystems.ee\/wp-content\/uploads\/deye-konteiner-800x800.jpg 800w, https:\/\/sigmasystems.ee\/wp-content\/uploads\/deye-konteiner.jpg 1000w\" sizes=\"auto, (max-width:767px) 215px, 215px\" \/>\u00a0 \u00a0 \u00a0 <img loading=\"lazy\" decoding=\"async\" class=\"alignnone wp-image-805\" src=\"https:\/\/sigmasystems.ee\/wp-content\/uploads\/konteinersalvesti-300x119.png\" alt=\"\" width=\"525\" height=\"208\" srcset=\"https:\/\/sigmasystems.ee\/wp-content\/uploads\/konteinersalvesti-300x119.png 300w, https:\/\/sigmasystems.ee\/wp-content\/uploads\/konteinersalvesti-1024x407.png 1024w, https:\/\/sigmasystems.ee\/wp-content\/uploads\/konteinersalvesti-768x306.png 768w, https:\/\/sigmasystems.ee\/wp-content\/uploads\/konteinersalvesti-1536x611.png 1536w, https:\/\/sigmasystems.ee\/wp-content\/uploads\/konteinersalvesti-150x60.png 150w, https:\/\/sigmasystems.ee\/wp-content\/uploads\/konteinersalvesti-480x191.png 480w, https:\/\/sigmasystems.ee\/wp-content\/uploads\/konteinersalvesti-800x318.png 800w, https:\/\/sigmasystems.ee\/wp-content\/uploads\/konteinersalvesti.png 1920w\" sizes=\"auto, (max-width:767px) 480px, 525px\" \/><\/p>\n<p>Teknisesti ja sis\u00e4ll\u00f6llisesti n\u00e4m\u00e4 j\u00e4rjestelm\u00e4t jaetaan viel\u00e4 ilmaj\u00e4\u00e4hdytteisiin tai nestekiertoj\u00e4\u00e4hdytteisiin j\u00e4rjestelmiin (air-cooling; liquid-cooling) sek\u00e4 s\u00e4hk\u00f6liit\u00e4nn\u00e4n topologian mukaan joko AC-coupled- tai DC-coupled-ratkaisuihin. Ensimm\u00e4isess\u00e4 tapauksessa lis\u00e4j\u00e4rjestelm\u00e4 liitet\u00e4\u00e4n olemassa oleviin aurinkos\u00e4hk\u00f6inverttereihin, kun taas toisessa tapauksessa erillisi\u00e4 aurinkos\u00e4hk\u00f6inverttereit\u00e4 ei tarvita.<\/p>\n","protected":false},"excerpt":{"rendered":"<p>Suuremmat s\u00e4hk\u00f6nkuluttajat (kuten liikekiinteist\u00f6t, tehtaat ja varastot) voivat aurinkopaneeleilla ja konttiakkuratkaisuilla maksimoida energian omavaraisuutensa ja v\u00e4hent\u00e4\u00e4 verkosta ostettavan energian m\u00e4\u00e4r\u00e4\u00e4. Konttipohjaisia varastointij\u00e4rjestelmi\u00e4 voidaan asentaa my\u00f6s ilman<span class=\"excerpt-hellip\"> [\u2026]<\/span><\/p>\n","protected":false},"author":1,"featured_media":0,"parent":0,"menu_order":0,"comment_status":"closed","ping_status":"closed","template":"","meta":{"_acf_changed":false,"footnotes":""},"class_list":["post-1174","page","type-page","status-publish","hentry"],"acf":[],"_links":{"self":[{"href":"https:\/\/sigmasystems.ee\/fi\/wp-json\/wp\/v2\/pages\/1174","targetHints":{"allow":["GET"]}}],"collection":[{"href":"https:\/\/sigmasystems.ee\/fi\/wp-json\/wp\/v2\/pages"}],"about":[{"href":"https:\/\/sigmasystems.ee\/fi\/wp-json\/wp\/v2\/types\/page"}],"author":[{"embeddable":true,"href":"https:\/\/sigmasystems.ee\/fi\/wp-json\/wp\/v2\/users\/1"}],"replies":[{"embeddable":true,"href":"https:\/\/sigmasystems.ee\/fi\/wp-json\/wp\/v2\/comments?post=1174"}],"version-history":[{"count":1,"href":"https:\/\/sigmasystems.ee\/fi\/wp-json\/wp\/v2\/pages\/1174\/revisions"}],"predecessor-version":[{"id":1175,"href":"https:\/\/sigmasystems.ee\/fi\/wp-json\/wp\/v2\/pages\/1174\/revisions\/1175"}],"wp:attachment":[{"href":"https:\/\/sigmasystems.ee\/fi\/wp-json\/wp\/v2\/media?parent=1174"}],"curies":[{"name":"wp","href":"https:\/\/api.w.org\/{rel}","templated":true}]}}