{"id":1172,"date":"2024-01-02T16:01:24","date_gmt":"2024-01-02T14:01:24","guid":{"rendered":"https:\/\/sigmasystems.ee\/salvestusseadmed\/"},"modified":"2025-01-02T09:41:00","modified_gmt":"2025-01-02T07:41:00","slug":"tallennuslaitteet","status":"publish","type":"page","link":"https:\/\/sigmasystems.ee\/fi\/tallennuslaitteet\/","title":{"rendered":"Tallennuslaitteet"},"content":{"rendered":"<p>SigmaSystems O\u00dc tarjoaa tallennuslaitteita eri valmistajilta: Solplanet, Deye, Leapton, Pylontech, BYD, SMA, Victron, Growatt sek\u00e4 Huawei.<\/p>\n<p>Hybridiaurinkovoimalaan tai\u00a0<em>erilliseen<\/em>\u00a0aurinkovoimalaan voidaan lis\u00e4t\u00e4 varastointilaite eli akku. Akut voivat olla matala- tai korkeaj\u00e4nnitteisi\u00e4 (LV \u2013\u00a0<em>Low Voltage<\/em>; HV \u2013 High\u00a0<em>Voltage<\/em>), ja ne on asennettava valitun vaihtosuuntaajan mukaan. Ne voivat olla ulkon\u00e4\u00f6lt\u00e4\u00e4n suhteellisen samankaltaisia, mutta yleens\u00e4 pienj\u00e4nniteakut ovat ulkon\u00e4\u00f6lt\u00e4\u00e4n hieman \u201dteollisempia\u201d ja ne asennetaan p\u00e4\u00e4llekk\u00e4in esimerkiksi pienj\u00e4nnitelaitteille tarkoitettuun\u00a0<em>r\u00e4kkikaappiin<\/em>. Korkeaj\u00e4nniteakut ovat yleens\u00e4 visuaalisesti kauniimman n\u00e4k\u00f6isi\u00e4 ja, mik\u00e4 t\u00e4rke\u00e4mp\u00e4\u00e4, ohuempia, joten ne soveltuvat paremmin sein\u00e4- tai onteloasennukseen.<\/p>\n<p>Akkuja asennettaessa on huolehdittava siit\u00e4, ett\u00e4 ymp\u00e4rist\u00f6 on sopiva. L\u00e4mp\u00f6tilat ovat erityisen t\u00e4rkeit\u00e4, eiv\u00e4tk\u00e4 ne saa laskea alle 0 asteen. On kuitenkin parempi, jos se pysyy tasaisesti +15:n tuntumassa. Akuista voi yleens\u00e4 ottaa energiaa pakkasessa, mutta niit\u00e4 ei voi ladata pakkasessa. Jos akku j\u00e4tet\u00e4\u00e4n kylm\u00e4\u00e4n ja sen varaus on alhainen, se voi menn\u00e4 rikki.<\/p>\n<p><strong>Esimerkki varastointitilavuuden laskennasta:<\/strong><\/p>\n<p>Lis\u00e4tt\u00e4v\u00e4n akkukapasiteetin valinnassa olisi sen vuoksi otettava huomioon sek\u00e4 ylij\u00e4\u00e4m\u00e4energian m\u00e4\u00e4r\u00e4 (jotta j\u00e4rjestelm\u00e4 pystyy lataamaan varastointikapasiteetin t\u00e4yteen sen lis\u00e4ksi, ett\u00e4 se kattaa kes\u00e4p\u00e4iv\u00e4n s\u00e4hk\u00f6nkysynn\u00e4n) ett\u00e4 kulutus. Alla oleva kulutuskaavio, jonka kuka tahansa voi ladata verkon tarjoajan verkkosivuilta, on hyv\u00e4 v\u00e4line kulutuksen analysointiin:<\/p>\n<p><img loading=\"lazy\" decoding=\"async\" class=\" wp-image-789 aligncenter\" src=\"https:\/\/sigmasystems.ee\/wp-content\/uploads\/Tabel-2-300x200.jpg\" alt=\"\" width=\"884\" height=\"589\" srcset=\"https:\/\/sigmasystems.ee\/wp-content\/uploads\/Tabel-2-300x200.jpg 300w, https:\/\/sigmasystems.ee\/wp-content\/uploads\/Tabel-2-1024x684.jpg 1024w, https:\/\/sigmasystems.ee\/wp-content\/uploads\/Tabel-2-768x513.jpg 768w, https:\/\/sigmasystems.ee\/wp-content\/uploads\/Tabel-2-1536x1026.jpg 1536w, https:\/\/sigmasystems.ee\/wp-content\/uploads\/Tabel-2-112x75.jpg 112w, https:\/\/sigmasystems.ee\/wp-content\/uploads\/Tabel-2-480x320.jpg 480w, https:\/\/sigmasystems.ee\/wp-content\/uploads\/Tabel-2-150x100.jpg 150w, https:\/\/sigmasystems.ee\/wp-content\/uploads\/Tabel-2-800x534.jpg 800w, https:\/\/sigmasystems.ee\/wp-content\/uploads\/Tabel-2.jpg 2022w\" sizes=\"auto, (max-width:767px) 480px, (max-width:884px) 100vw, 884px\" \/><\/p>\n<p>Taloudellisemman ratkaisun saamiseksi voidaan k\u00e4ytt\u00e4\u00e4 kes\u00e4kuukausien keskim\u00e4\u00e4r\u00e4ist\u00e4 y\u00f6kulutusta. T\u00e4ss\u00e4 esimerkiss\u00e4 kes\u00e4kuukausien y\u00f6kulutus on noin 450 kWh eli noin 15 kWh y\u00f6t\u00e4 kohti. Koska akkupankkia ei voida k\u00e4ytt\u00e4\u00e4 100-prosenttisesti, akkupankin nimelliskapasiteetti olisi t\u00e4ss\u00e4 tapauksessa noin 20 kWh. Tuloksena olisi mahdollisuus kattaa mahdolliset kes\u00e4illan s\u00e4hk\u00f6n hintapiikit EU:n tuottamalla ja varastoimalla energialla. Y\u00f6aikaisen kulutuksen kattavuus olisi kev\u00e4\u00e4ll\u00e4 ja syksyll\u00e4 jo pienempi ja talvikuukausina viel\u00e4 pienempi. Koska talvikuukausina auringonpaiste ei kuitenkaan riit\u00e4 akkujen lataamiseen saati p\u00e4iv\u00e4n kulutuksen kattamiseen, olisi harkittava my\u00f6s\u00a0<strong>\u00e4lyk\u00e4st\u00e4 akkujen hallintaa<\/strong>. T\u00e4llaisia palveluntarjoajia on useita (esim. MarkeDroid, Qilowatt jne.). N\u00e4m\u00e4 lis\u00e4laitteet tarjoavat automaattisen ja vaivattoman ratkaisun akkujen lataamiseen parhaaseen mahdolliseen hintaan my\u00f6s auringottomana aikana, niin kauan kuin p\u00f6rssin hinnat vaihtelevat. Ensinn\u00e4kin s\u00e4hk\u00f6paketin on kuitenkin perustuttava vaihtohintaan, ja toiseksi, jos lataat s\u00e4hk\u00f6verkosta, my\u00f6s verkkopalvelun hinta lis\u00e4t\u00e4\u00e4n, jos hinta on nolla tai negatiivinen (omasta aurinkopuistosta lataamisesta ei perit\u00e4 lis\u00e4maksua).<\/p>\n<p>Hieman suurempaa ratkaisua varten olisi otettava l\u00e4ht\u00f6kohdaksi talven y\u00f6kulutus, joka t\u00e4ss\u00e4 esimerkiss\u00e4 on 750 kWh eli noin 25 kWh y\u00f6t\u00e4 kohti. T\u00e4llaisessa tapauksessa olisi tarkoituksenmukaista k\u00e4ytt\u00e4\u00e4 akkua, jonka nimelliskapasiteetti on noin 30 kWh, ja\u00a0<strong>\u00e4lyk\u00e4s akunohjain<\/strong>\u00a0olisi v\u00e4ltt\u00e4m\u00e4t\u00f6n.<\/p>\n<p>T\u00e4llainen menetelm\u00e4 antaa sopivan tuloksen vain suuruusluokkana, eik\u00e4 n\u00e4iss\u00e4 laskelmissa ole mahdollista tai kannattavaa olla kovin tarkka, koska my\u00f6s p\u00e4ivitt\u00e4inen kulutus voi vaihdella.<\/p>\n<p>Tietenkin akkuratkaisu tarjoaa oman kulutuksen hallinnan lis\u00e4ksi my\u00f6s mahdollisuuden k\u00e4ytt\u00e4\u00e4 varastoitua energiaa s\u00e4hk\u00f6katkoksen aikana. T\u00e4t\u00e4 varten kuluttajat on jaettava<strong>\u201dsuojattuihin kuluttajiin<\/strong>\u201d (jotka saavat ruokaa katkon aikana) ja<strong>\u201dsuojaamattomiin kuluttajiin<\/strong>\u201d (jotka eiv\u00e4t saa ruokaa katkon aikana). T\u00e4st\u00e4 on neuvoteltava ja sovittava asiakkaan kanssa projektikohtaisesti.<\/p>\n","protected":false},"excerpt":{"rendered":"<p>SigmaSystems O\u00dc tarjoaa tallennuslaitteita eri valmistajilta: Solplanet, Deye, Leapton, Pylontech, BYD, SMA, Victron, Growatt sek\u00e4 Huawei. Hybridiaurinkovoimalaan tai\u00a0erilliseen\u00a0aurinkovoimalaan voidaan lis\u00e4t\u00e4 varastointilaite eli akku. Akut voivat olla<span class=\"excerpt-hellip\"> [\u2026]<\/span><\/p>\n","protected":false},"author":1,"featured_media":0,"parent":0,"menu_order":0,"comment_status":"closed","ping_status":"closed","template":"","meta":{"_acf_changed":false,"footnotes":""},"class_list":["post-1172","page","type-page","status-publish","hentry"],"acf":[],"_links":{"self":[{"href":"https:\/\/sigmasystems.ee\/fi\/wp-json\/wp\/v2\/pages\/1172","targetHints":{"allow":["GET"]}}],"collection":[{"href":"https:\/\/sigmasystems.ee\/fi\/wp-json\/wp\/v2\/pages"}],"about":[{"href":"https:\/\/sigmasystems.ee\/fi\/wp-json\/wp\/v2\/types\/page"}],"author":[{"embeddable":true,"href":"https:\/\/sigmasystems.ee\/fi\/wp-json\/wp\/v2\/users\/1"}],"replies":[{"embeddable":true,"href":"https:\/\/sigmasystems.ee\/fi\/wp-json\/wp\/v2\/comments?post=1172"}],"version-history":[{"count":2,"href":"https:\/\/sigmasystems.ee\/fi\/wp-json\/wp\/v2\/pages\/1172\/revisions"}],"predecessor-version":[{"id":1217,"href":"https:\/\/sigmasystems.ee\/fi\/wp-json\/wp\/v2\/pages\/1172\/revisions\/1217"}],"wp:attachment":[{"href":"https:\/\/sigmasystems.ee\/fi\/wp-json\/wp\/v2\/media?parent=1172"}],"curies":[{"name":"wp","href":"https:\/\/api.w.org\/{rel}","templated":true}]}}