{"id":1169,"date":"2024-01-02T15:46:50","date_gmt":"2024-01-02T13:46:50","guid":{"rendered":"https:\/\/sigmasystems.ee\/elektriautode-laadijad\/"},"modified":"2025-01-01T13:12:37","modified_gmt":"2025-01-01T11:12:37","slug":"sahkoautojen-laturit","status":"publish","type":"page","link":"https:\/\/sigmasystems.ee\/fi\/sahkoautojen-laturit\/","title":{"rendered":"S\u00e4hk\u00f6autojen laturit"},"content":{"rendered":"<h3>NRGkick \u2013 annettava pikalaturi (jopa 22kW)<\/h3>\n<p><img loading=\"lazy\" decoding=\"async\" class=\"alignnone size-medium wp-image-397\" src=\"https:\/\/sigmasystems.ee\/wp-content\/uploads\/NRGkick-2-1-300x300.jpg\" alt=\"\" width=\"300\" height=\"300\" srcset=\"https:\/\/sigmasystems.ee\/wp-content\/uploads\/NRGkick-2-1-300x300.jpg 300w, https:\/\/sigmasystems.ee\/wp-content\/uploads\/NRGkick-2-1-150x150.jpg 150w, https:\/\/sigmasystems.ee\/wp-content\/uploads\/NRGkick-2-1-768x768.jpg 768w, https:\/\/sigmasystems.ee\/wp-content\/uploads\/NRGkick-2-1-146x146.jpg 146w, https:\/\/sigmasystems.ee\/wp-content\/uploads\/NRGkick-2-1-50x50.jpg 50w, https:\/\/sigmasystems.ee\/wp-content\/uploads\/NRGkick-2-1-100x100.jpg 100w, https:\/\/sigmasystems.ee\/wp-content\/uploads\/NRGkick-2-1-85x85.jpg 85w, https:\/\/sigmasystems.ee\/wp-content\/uploads\/NRGkick-2-1-80x80.jpg 80w, https:\/\/sigmasystems.ee\/wp-content\/uploads\/NRGkick-2-1-800x800.jpg 800w, https:\/\/sigmasystems.ee\/wp-content\/uploads\/NRGkick-2-1.jpg 1000w\" sizes=\"auto, (max-width:767px) 300px, 300px\" \/><\/p>\n<p><a href=\"https:\/\/www.nrgkick.com\/en\/nrgkick-charging-unit-pure\/\" target=\"_blank\" rel=\"noopener\">NRGkick<\/a> kehitettiin vuonna 2015 It\u00e4vallassa, ja sen nykyinen versio tuotiin markkinoille huhtikuussa 2021. NRGkickiss\u00e4 on t\u00e4ysin omaa kehityst\u00e4 oleva, patentoitu turvapistoketeknologia, joka mahdollistaa jokaisen pistokkeen l\u00e4mp\u00f6tilan tarkkailun. T\u00e4m\u00e4 takaa, ett\u00e4 kaikkia s\u00e4hk\u00f6ajoneuvoja voidaan ladata turvallisesti, helposti ja maksiminopeudella (jopa 22 kW) miss\u00e4 tahansa, miss\u00e4 on s\u00e4hk\u00f6\u00e4. NRGkick on suunniteltu kotik\u00e4ytt\u00f6\u00f6n tarkoitetuksi latauslaitteeksi, mutta sit\u00e4 voi tarvittaessa helposti kuljettaa mukana. Kompaktin ja k\u00e4tev\u00e4n muotoilunsa ansiosta NRGkick on t\u00e4ydellinen matkakumppani, joka mahtuu helposti mihin tahansa matkatavara- tai tavaratilaan.<\/p>\n<p>Mukana tulevien erilaisten pistokkeiden ansiosta lataaminen onnistuu helposti miss\u00e4 tahansa, kaikista pistorasioista ja kaikilla julkisilla latausasemilla \u2013 lis\u00e4kaapeleita ei tarvita.<\/p>\n<h3>Joustava \u201cWallbox\u201d<\/h3>\n<p><a href=\"https:\/\/www.nrgkick.com\/en\/nrgkick-charging-unit-pure\/\" target=\"_blank\" rel=\"noopener\">NRGkickiga<\/a> mahdollistaa lataamisen kaikkialla: Wallbox-latausasemilla, julkisilla latausasemilla sek\u00e4 mist\u00e4 tahansa tavallisesta pistorasiasta. NRGkick tarjoaa maksimaalisen lataustehon kaikilla virtal\u00e4hteill\u00e4. K\u00e4ytt\u00e4m\u00e4ll\u00e4 400 voltin s\u00e4hk\u00f6verkon kaikkia kolmea vaihetta latausteho voi olla jopa 22 kW. T\u00e4m\u00e4 tarkoittaa, ett\u00e4 NRGkick tarjoaa jopa 10 kertaa enemm\u00e4n tehoa kuin useimmat s\u00e4hk\u00f6autojen mukana toimitettavat h\u00e4t\u00e4tilalaturit, mahdollistaen mink\u00e4 tahansa s\u00e4hk\u00f6auton lataamisen mahdollisimman lyhyess\u00e4 ajassa.<\/p>\n<h3>\u00c4lyk\u00e4s<\/h3>\n<p>Useat \u00e4lykk\u00e4\u00e4t ominaisuudet tekev\u00e4t <a href=\"https:\/\/www.nrgkick.com\/en\/nrgkick-charging-unit-pure\/\" target=\"_blank\" rel=\"noopener\">NRGkickist<\/a> paljon enemm\u00e4n kuin pelk\u00e4n mobiilin latauslaitteen. Integroitu Bluetooth- ja WiFi-yhteys mahdollistavat laitteen yhdist\u00e4misen NRGkick-sovellukseen \u00e4lylaitteen avulla. Sovelluksen kautta voit esimerkiksi s\u00e4\u00e4t\u00e4\u00e4 latausvirtaa 0,1 A:n tarkkuudella, asettaa latausrajoituksia, tallentaa aikataulutettuja lataussuunnitelmia tai vastaanottaa automaattisia latausraportteja.<\/p>\n<p>NRGkick voidaan my\u00f6s yhdist\u00e4\u00e4 olemassa olevaan aurinkos\u00e4hk\u00f6j\u00e4rjestelm\u00e4\u00e4n, jolloin latauksessa voidaan k\u00e4ytt\u00e4\u00e4 vain itse tuotettua s\u00e4hk\u00f6\u00e4. Lis\u00e4ksi latauslaite voidaan integroida OCPP-standardin kautta latausverkostoihin. N\u00e4it\u00e4 ominaisuuksia voi hankkia suoraan NRGkick-sovelluksesta tai verkkokaupasta.<\/p>\n<h3>R\u00e4\u00e4t\u00e4l\u00f6i itsellesi sopiva kokonaisuus<\/h3>\n<p>Voit koota <a href=\"https:\/\/www.nrgkick.com\/en\/nrgkick-charging-unit-pure\/\" target=\"_blank\" rel=\"noopener\">NRGkick<\/a>-latauslaitteesi tarpeidesi mukaan. Valitse kaapelin pituudeksi 5 m, 7,5 m tai 10 m ja p\u00e4\u00e4t\u00e4, haluatko laitteeseesi vain WiFi- ja Bluetooth-yhteyden vai my\u00f6s GSM\/SIM-moduulin. Laaja valikoima erilaisia pistokkeita ja lis\u00e4varusteita auttaa sinua saavuttamaan maksimaalisen latausjoustavuuden. SigmaSystems O\u00dc:n varastosta l\u00f6ytyv\u00e4t yleisimm\u00e4t mallit heti saatavilla.<\/p>\n<p>&nbsp;<\/p>\n<hr \/>\n<p>&nbsp;<\/p>\n<h3>TELTOCHARGE \u2013 kiinte\u00e4 s\u00e4hk\u00f6auton latauslaite<\/h3>\n<p>TeltoCharge on korkealaatuinen, joustava ja helppok\u00e4ytt\u00f6inen s\u00e4hk\u00f6ajoneuvojen (EV) latauslaite, joka yhdist\u00e4\u00e4 erinomaisen toiminnallisuuden, ensiluokkaisen ulkon\u00e4\u00f6n, huipputason rakennuslaadun ja \u00e4lykk\u00e4\u00e4t s\u00e4hk\u00f6ajoneuvojen latausominaisuudet.<\/p>\n<p>TeltoCharge tarjoaa jopa 22 kW lataustehoa, kompakti rakenne, mutta eritt\u00e4in kest\u00e4v\u00e4 ja luotettava suunnittelu, joka kest\u00e4\u00e4 my\u00f6s vaativimmissa s\u00e4\u00e4olosuhteissa. Se on yhteensopiva kaikkien akkuk\u00e4ytt\u00f6isten s\u00e4hk\u00f6ajoneuvojen (BEV) ja pistokehybridien (PHEV) kanssa. TeltoCharge:n p\u00e4\u00e4edut::<\/p>\n<ul>\n<li><strong>JOUSTAVA<\/strong> \u2013 TeltoCharge tarjoaa ensiluokkaisen muotoilun ja monia konfiguraatio-vaihtoehtoja, kuten viisi eri etupaneelin v\u00e4ri\u00e4, kolme tehotehoaluetta ja valinnainen 4G LTE-yhteys, mik\u00e4 tekee asennuksesta helppoa my\u00f6s et\u00e4isemmill\u00e4 alueilla. Lis\u00e4ksi TeltoCharge on valmistettu vain korkealaatuisista materiaaleista, mik\u00e4 takaa sujuvan ja tyylikk\u00e4\u00e4n viimeistelyn.<\/li>\n<li><strong>HELPPO<\/strong> \u2013 Nopeasti, helposti ja sujuvasti toimiva prosessi aina, kun se kytket\u00e4\u00e4n lataukseen.<\/li>\n<li><strong>\u00c4LYKK\u00c4\u00c4T OMINAISUUDET<\/strong> \u2013 TeltoCharge:ssa on innovatiivisia ratkaisuja ja monia kehittyneit\u00e4 hallintaominaisuuksia, kuten dynaaminen kuormanhallinta, \u00e4lyk\u00e4s aikataulutus ja reaaliaikainen tilastointi. Voit my\u00f6s konfiguroida TeltoCharge EV-lataajan tarpeidesi ja mieltymystesi mukaan \u00e4lypuhelimella tai tabletilla.<\/li>\n<li><strong>LUOTETTAVA<\/strong> \u2013 TeltoCharge:ssa on kest\u00e4v\u00e4 ulkokuori, joka kest\u00e4\u00e4 vaativimmissa s\u00e4\u00e4olosuhteissa. Laitteen voi asentaa turvallisesti niin sis\u00e4- kuin ulkotiloihin, joissa l\u00e4mp\u00f6tila voi vaihdella -30\u00b0C ja +50\u00b0C v\u00e4lill\u00e4. Se on suojattu IP55-luokituksella (vesi- ja p\u00f6lytiivis) ja IK10-luokituksella (iskunkest\u00e4v\u00e4). TeltoCharge tarjoaa 36 kuukauden takuun.<\/li>\n<li><strong>VOIMAKAS<\/strong> \u2013 Enint\u00e4\u00e4n 22 kW latausteho mahdollistaa s\u00e4hk\u00f6autosi nopean lataamisen. V\u00e4hemm\u00e4n aikaa lataukseen, enemm\u00e4n aikaa ajamiseen.<\/li>\n<li><strong>YHTEENSOPIVA<\/strong> \u2013 TeltoCharge on yhteensopiva kaikkien akkuk\u00e4ytt\u00f6isten s\u00e4hk\u00f6ajoneuvojen (BEV) ja pistokehybridien (PHEV) kanssa nykyisin ja tulevaisuudessa. T\u00e4m\u00e4 varmistetaan s\u00e4\u00e4nn\u00f6llisill\u00e4 ohjelmistop\u00e4ivityksill\u00e4 ja parannuksilla.<\/li>\n<li><strong>TURVALLINEN<\/strong> \u2013 S\u00e4hk\u00f6auton latauksen valtuuttaminen NFC-kortilla tai mobiililaitteella varmistaa nopean p\u00e4\u00e4syn TeltoCharge-latauslaitteelle ja est\u00e4\u00e4 ei-toivotut k\u00e4yt\u00f6t.<\/li>\n<li><strong>MUKAUTUVAT LED-VALOT<\/strong> \u2013 LED-valot n\u00e4ytt\u00e4v\u00e4t tehoa, yhteyksi\u00e4, lataustilaa ja muita EV-latauslaitteen parametrej\u00e4.<\/li>\n<\/ul>\n<p>TeltoCharge s\u00e4hk\u00f6auton lataajan k\u00e4ytt\u00f6\u00f6n on ladattava Teltonika Energy App, jonka avulla voit:<\/p>\n<ul>\n<li>Ajastaa s\u00e4hk\u00f6auton latauksen ajalle, jolloin s\u00e4hk\u00f6n hinta on alhaisin<\/li>\n<li>Seurata EV-lataajan tilaa ja tarkastella tilastoja reaaliajassa.<\/li>\n<li>S\u00e4\u00e4t\u00e4\u00e4 latausvirtaa tarpeidesi mukaan.<\/li>\n<li>Lukita latauslaite est\u00e4\u00e4ksesi ei-toivotut k\u00e4ytt\u00f6tapaukset.<\/li>\n<li>S\u00e4\u00e4t\u00e4\u00e4 dynaaminen kuormanhallinta \u00e4lykk\u00e4\u00e4n energiamittarin (SmartMeter) avulla, joka mahdollistaa EV-lataajan automaattisen sopeutumisen paikalliseen s\u00e4hk\u00f6nkulutukseen.<\/li>\n<\/ul>\n<p>&nbsp;<\/p>\n<p>Lataa TELTONIKA ENERGY APP:<\/p>\n<p>App Store: <a href=\"https:\/\/apps.apple.com\/lt\/app\/teltonika-energy\/id1618750750\" target=\"_blank\" rel=\"noopener\">https:\/\/apps.apple.com\/lt\/app\/teltonika-energy\/id1618750750<\/a><br \/>\nGoogle Play: <a href=\"https:\/\/play.google.com\/store\/apps\/details?id=com.teltonika.ems.ev\" target=\"_blank\" rel=\"noopener\">https:\/\/play.google.com\/store\/apps\/details?id=com.teltonika.ems.ev<\/a><\/p>\n<p>&nbsp;<\/p>\n<p><strong>TeltoCharge yleiset tekniset tiedot:<\/strong><\/p>\n<p>Leveys: 170 mm<br \/>\nKorkeus: 341 mm<br \/>\nSyvyys: 94 mm<br \/>\nPaino (ilman kaapelia): 2,8 kg<br \/>\nK\u00e4ytt\u00f6l\u00e4mp\u00f6tila:\u00a0 -30\u00b0C &#8211; +50\u00b0C<br \/>\nLatausteho:\u00a07,4 \u2013 22 kW<\/p>\n<p><strong>Teltocharge tuotesivu:<\/strong><\/p>\n<p><a href=\"https:\/\/wiki.teltonika-energy.com\/images\/d\/d4\/TeltoCharge_datasheet_GLOBAL_2.pdf\" target=\"_blank\" rel=\"noopener\">https:\/\/wiki.teltonika-energy.com\/images\/d\/d4\/TeltoCharge_datasheet_GLOBAL_2.pdf<\/a><\/p>\n<p>&nbsp;<\/p>\n<p><strong>Tuottajasta:<\/strong><\/p>\n<p>Teltonika Energy on globaali teknologiayritys, jonka tavoitteena on tarjota paras s\u00e4hk\u00f6ajoneuvojen (EV) latauskokemus s\u00e4hk\u00f6ajoneuvojen k\u00e4ytt\u00e4jille ymp\u00e4ri maailman, mahdollistaen tehokkaamman ja taloudellisemman ajamisen.<\/p>\n<p>Teltonika Energy omistaa kaikki voimavaransa vastatakseen kasvavaan kysynt\u00e4\u00e4n yksinkertaisille, \u00e4lykk\u00e4ille ja luotettaville s\u00e4hk\u00f6ajoneuvojen latureille, joita ihmiset voivat mukauttaa omiin tarpeisiinsa ja tarjoten heille ansaitsemaansa palvelun laatua.<\/p>\n<p>S\u00e4hk\u00f6ajoneuvojen lataustarpeiden kehittyess\u00e4 Teltonika Energy jatkaa infrastruktuurin ja asiantuntemuksen tarjoamista, joka on v\u00e4ltt\u00e4m\u00e4t\u00f6nt\u00e4 s\u00e4hk\u00f6isen liikkuvuuden nopeammalle k\u00e4ytt\u00f6\u00f6notolle ja asiakastyytyv\u00e4isyyden yll\u00e4pit\u00e4miselle. S\u00e4hk\u00f6ajoneuvojen laitteistojen ja ohjelmistojen jatkuvasti kehittyess\u00e4 Teltonika Energy tarjoaa parhaan s\u00e4hk\u00f6ajoneuvojen latauskokemuksen.<\/p>\n<p>Tietoa valmistajasta: <a href=\"https:\/\/teltonika-energy.com\/about-us\/who-we-are\" target=\"_blank\" rel=\"noopener\">https:\/\/teltonika-energy.com\/about-us\/who-we-are<\/a><br \/>\nTuotetuki: <a href=\"https:\/\/teltonika-energy.com\/support\/product-support\" target=\"_blank\" rel=\"noopener\">https:\/\/teltonika-energy.com\/support\/product-support<\/a><br \/>\nWIKI-SIVU: <a href=\"https:\/\/wiki.teltonika-energy.com\/view\/TeltoCharge\" target=\"_blank\" rel=\"noopener\">https:\/\/wiki.teltonika-energy.com\/view\/TeltoCharge<\/a><br \/>\nYhteis\u00f6foorumi: <a href=\"https:\/\/community.teltonika-energy.com\/\" target=\"_blank\" rel=\"noopener\">https:\/\/community.teltonika-energy.com\/<\/a><\/p>\n","protected":false},"excerpt":{"rendered":"<p>NRGkick \u2013 annettava pikalaturi (jopa 22kW) NRGkick kehitettiin vuonna 2015 It\u00e4vallassa, ja sen nykyinen versio tuotiin markkinoille huhtikuussa 2021. NRGkickiss\u00e4 on t\u00e4ysin omaa kehityst\u00e4 oleva, patentoitu<span class=\"excerpt-hellip\"> [\u2026]<\/span><\/p>\n","protected":false},"author":1,"featured_media":0,"parent":0,"menu_order":0,"comment_status":"closed","ping_status":"closed","template":"","meta":{"_acf_changed":false,"footnotes":""},"class_list":["post-1169","page","type-page","status-publish","hentry"],"acf":[],"_links":{"self":[{"href":"https:\/\/sigmasystems.ee\/fi\/wp-json\/wp\/v2\/pages\/1169","targetHints":{"allow":["GET"]}}],"collection":[{"href":"https:\/\/sigmasystems.ee\/fi\/wp-json\/wp\/v2\/pages"}],"about":[{"href":"https:\/\/sigmasystems.ee\/fi\/wp-json\/wp\/v2\/types\/page"}],"author":[{"embeddable":true,"href":"https:\/\/sigmasystems.ee\/fi\/wp-json\/wp\/v2\/users\/1"}],"replies":[{"embeddable":true,"href":"https:\/\/sigmasystems.ee\/fi\/wp-json\/wp\/v2\/comments?post=1169"}],"version-history":[{"count":2,"href":"https:\/\/sigmasystems.ee\/fi\/wp-json\/wp\/v2\/pages\/1169\/revisions"}],"predecessor-version":[{"id":1171,"href":"https:\/\/sigmasystems.ee\/fi\/wp-json\/wp\/v2\/pages\/1169\/revisions\/1171"}],"wp:attachment":[{"href":"https:\/\/sigmasystems.ee\/fi\/wp-json\/wp\/v2\/media?parent=1169"}],"curies":[{"name":"wp","href":"https:\/\/api.w.org\/{rel}","templated":true}]}}