{"id":1166,"date":"2018-11-12T16:45:38","date_gmt":"2018-11-12T14:45:38","guid":{"rendered":"https:\/\/sigmasystems.ee\/soe-vesi-paikesest\/"},"modified":"2025-01-01T12:55:13","modified_gmt":"2025-01-01T10:55:13","slug":"lammin-vesi-auringosta","status":"publish","type":"page","link":"https:\/\/sigmasystems.ee\/fi\/lammin-vesi-auringosta\/","title":{"rendered":"L\u00e4mmin vesi auringosta"},"content":{"rendered":"<h3>ELWA<\/h3>\n<p><img loading=\"lazy\" decoding=\"async\" class=\"alignright wp-image-334\" src=\"https:\/\/sigmasystems.ee\/wp-content\/uploads\/elwa.webp\" alt=\"\" width=\"260\" height=\"260\" srcset=\"https:\/\/sigmasystems.ee\/wp-content\/uploads\/elwa.webp 300w, https:\/\/sigmasystems.ee\/wp-content\/uploads\/elwa-150x150.webp 150w, https:\/\/sigmasystems.ee\/wp-content\/uploads\/elwa-146x146.webp 146w, https:\/\/sigmasystems.ee\/wp-content\/uploads\/elwa-50x50.webp 50w, https:\/\/sigmasystems.ee\/wp-content\/uploads\/elwa-100x100.webp 100w, https:\/\/sigmasystems.ee\/wp-content\/uploads\/elwa-85x85.webp 85w, https:\/\/sigmasystems.ee\/wp-content\/uploads\/elwa-80x80.webp 80w\" sizes=\"auto, (max-width:767px) 260px, 260px\" \/>Yksinkertaisin tapa hy\u00f6dynt\u00e4\u00e4 aurinkoenergiaa on k\u00e4ytt\u00e4\u00e4 aurinkopaneelien tuottamaa tasavirtaa suoraan l\u00e4mpim\u00e4n veden tuottamiseen. T\u00e4t\u00e4 tarkoitusta varten tarjoamme MY-PV-tuotetta <a href=\"https:\/\/sigmasystems.ee\/wp-content\/uploads\/Datenblatt_ELWA_en_221219_A4.pdf\" target=\"_blank\" rel=\"noopener\">ELWA<\/a>.<\/p>\n<p>ELWA on 2 kW:n s\u00e4hk\u00f6l\u00e4mmitin, joka johtaa aurinkopaneeleista tulevan tasavirran suoraan l\u00e4mmittimeen ja muuntaa sen n\u00e4in ilman h\u00e4vikki\u00e4 l\u00e4mm\u00f6ksi. Laitteeseen integroitu maksimaalisen tehon pisteen seuranta (MPP Tracker) varmistaa, ett\u00e4 aurinkoenergia toimii aina optimaalisessa toimintapisteess\u00e4 (samoin kuin tavallinen invertteri).<\/p>\n<p>ELWA ei vaadi verkkovirtaan kytkemist\u00e4 toimiakseen, sill\u00e4 se saa virtansa suoraan aurinkopaneeleista. Haluttu veden l\u00e4mp\u00f6tila s\u00e4\u00e4det\u00e4\u00e4n kiertonupilla, ja LED-merkkivalot ilmaisevat laitteen toimintatilan ja hetkellisen tilan. Patentoitu boost-backup-toiminto takaa l\u00e4mpim\u00e4n veden saatavuuden my\u00f6s pilvisell\u00e4, pime\u00e4ll\u00e4 tai lumisella s\u00e4\u00e4ll\u00e4. T\u00e4t\u00e4 varten laite tarvitsee vain kytke\u00e4 s\u00e4hk\u00f6verkkoon, mutta laite ei tuota s\u00e4hk\u00f6\u00e4 verkkoon.<\/p>\n<h3>AC ELWA<\/h3>\n<p><img loading=\"lazy\" decoding=\"async\" class=\"alignright wp-image-331\" src=\"https:\/\/sigmasystems.ee\/wp-content\/uploads\/ac-elwa-2-300x300.webp\" alt=\"\" width=\"260\" height=\"260\" srcset=\"https:\/\/sigmasystems.ee\/wp-content\/uploads\/ac-elwa-2-300x300.webp 300w, https:\/\/sigmasystems.ee\/wp-content\/uploads\/ac-elwa-2-150x150.webp 150w, https:\/\/sigmasystems.ee\/wp-content\/uploads\/ac-elwa-2-146x146.webp 146w, https:\/\/sigmasystems.ee\/wp-content\/uploads\/ac-elwa-2-50x50.webp 50w, https:\/\/sigmasystems.ee\/wp-content\/uploads\/ac-elwa-2-100x100.webp 100w, https:\/\/sigmasystems.ee\/wp-content\/uploads\/ac-elwa-2-85x85.webp 85w, https:\/\/sigmasystems.ee\/wp-content\/uploads\/ac-elwa-2-80x80.webp 80w, https:\/\/sigmasystems.ee\/wp-content\/uploads\/ac-elwa-2.webp 400w\" sizes=\"auto, (max-width:767px) 260px, 260px\" \/><a href=\"https:\/\/sigmasystems.ee\/wp-content\/uploads\/230413_Datasheet-AC_ELWA_2_A4_EN.pdf\" target=\"_blank\" rel=\"noopener\">AC ELWA 2<\/a> on 0-3,5kW L\u00e4mmitin, joka auttaa hy\u00f6dynt\u00e4m\u00e4\u00e4n olemassa olevan aurinkovoimalan tuotannon paikallisesti, l\u00e4mmitt\u00e4en joko k\u00e4ytt\u00f6veden boilerissa tai l\u00e4mmitysveden varaajassa vain omak\u00e4yt\u00f6n ylitt\u00e4v\u00e4ll\u00e4 ylij\u00e4\u00e4m\u00e4energialla. Normaalisti t\u00e4m\u00e4 energia siirtyisi myyt\u00e4v\u00e4ksi s\u00e4hk\u00f6verkkoon. J\u00e4rjestelm\u00e4 seuraa tuotantoa ja kulutusta dynaamisesti, joten se pystyy hy\u00f6dynt\u00e4m\u00e4\u00e4n my\u00f6s pienet ylij\u00e4\u00e4m\u00e4t.<\/p>\n<p>L\u00e4mpim\u00e4n veden varatoiminto takaa halutun veden l\u00e4mp\u00f6tilan my\u00f6s v\u00e4h\u00e4isen auringonpaisteen aikana, jolloin hy\u00f6dynnet\u00e4\u00e4n s\u00e4hk\u00f6verkon apua.<\/p>\n<p>AC ELWA 2 on yhteensopiva useiden akkuvarastoj\u00e4rjestelmien kanssa ja ottaa huomioon sek\u00e4 varastoidun ett\u00e4 saatavilla olevan aurinkoenergian varmistaen sen optimaalisen k\u00e4yt\u00f6n. Ylij\u00e4\u00e4m\u00e4energia ladataan aina ensin akkuun t\u00e4yteen, ja AC ELWA 2 aktivoituu vasta, kun akut ovat t\u00e4ynn\u00e4 ja energiaa on viel\u00e4 k\u00e4ytett\u00e4viss\u00e4 veden l\u00e4mmitt\u00e4miseen. Veden l\u00e4mmitt\u00e4minen on edullisin tapa varastoida energiaa, ja ratkaisu toimii erinomaisesti yhdess\u00e4 kemiallisten varastointimenetelmien kanssa. N\u00e4in pid\u00e4t tuottamasi energian itsell\u00e4si sen sijaan, ett\u00e4 myisit sen verkkoon.<\/p>\n<p>Tuote soveltuu ja on yhteensopiva useimpien \u00e4lykotij\u00e4rjestelmien kanssa.<\/p>\n","protected":false},"excerpt":{"rendered":"<p>ELWA Yksinkertaisin tapa hy\u00f6dynt\u00e4\u00e4 aurinkoenergiaa on k\u00e4ytt\u00e4\u00e4 aurinkopaneelien tuottamaa tasavirtaa suoraan l\u00e4mpim\u00e4n veden tuottamiseen. T\u00e4t\u00e4 tarkoitusta varten tarjoamme MY-PV-tuotetta ELWA. ELWA on 2 kW:n s\u00e4hk\u00f6l\u00e4mmitin, joka<span class=\"excerpt-hellip\"> [\u2026]<\/span><\/p>\n","protected":false},"author":1,"featured_media":0,"parent":0,"menu_order":0,"comment_status":"closed","ping_status":"closed","template":"","meta":{"_acf_changed":false,"footnotes":""},"class_list":["post-1166","page","type-page","status-publish","hentry"],"acf":[],"_links":{"self":[{"href":"https:\/\/sigmasystems.ee\/fi\/wp-json\/wp\/v2\/pages\/1166","targetHints":{"allow":["GET"]}}],"collection":[{"href":"https:\/\/sigmasystems.ee\/fi\/wp-json\/wp\/v2\/pages"}],"about":[{"href":"https:\/\/sigmasystems.ee\/fi\/wp-json\/wp\/v2\/types\/page"}],"author":[{"embeddable":true,"href":"https:\/\/sigmasystems.ee\/fi\/wp-json\/wp\/v2\/users\/1"}],"replies":[{"embeddable":true,"href":"https:\/\/sigmasystems.ee\/fi\/wp-json\/wp\/v2\/comments?post=1166"}],"version-history":[{"count":2,"href":"https:\/\/sigmasystems.ee\/fi\/wp-json\/wp\/v2\/pages\/1166\/revisions"}],"predecessor-version":[{"id":1168,"href":"https:\/\/sigmasystems.ee\/fi\/wp-json\/wp\/v2\/pages\/1166\/revisions\/1168"}],"wp:attachment":[{"href":"https:\/\/sigmasystems.ee\/fi\/wp-json\/wp\/v2\/media?parent=1166"}],"curies":[{"name":"wp","href":"https:\/\/api.w.org\/{rel}","templated":true}]}}