{"id":1164,"date":"2018-11-12T16:42:23","date_gmt":"2018-11-12T14:42:23","guid":{"rendered":"https:\/\/sigmasystems.ee\/paikesepaneelid\/"},"modified":"2025-01-01T12:52:05","modified_gmt":"2025-01-01T10:52:05","slug":"aurinkopaneelit","status":"publish","type":"page","link":"https:\/\/sigmasystems.ee\/fi\/aurinkopaneelit\/","title":{"rendered":"Aurinkopaneelit"},"content":{"rendered":"<p>Aurinkopaneelit eli PV-paneelit (englanniksi Photo Voltaic) voidaan jakaa useisiin eri ryhmiin. Eniten k\u00e4ytettyj\u00e4 ovat piipohjaiset monokiteiset aurinkopaneelit. N\u00e4ill\u00e4 paneeleilla on usein useita lis\u00e4ominaisuuksia, kuten esimerkiksi Bifacial, N-Type, ABC (All-Black-Contacts), Half-cell, Glass-Glass, Full-Black, TIER-1 jne.<\/p>\n<p>My\u00f6s paneelien teholuokat vaihtelevat suuresti \u2013 noin 400Wp:st\u00e4 800Wp:iin, mutta on t\u00e4rke\u00e4\u00e4 huomioida, ett\u00e4 suuremman tehon paneeli on my\u00f6s fyysisesti suurempi. Yleens\u00e4 teho pinta-alaa kohden on kuitenkin l\u00e4hes sama eri paneeleissa.<\/p>\n<p>K\u00e4yt\u00e4nn\u00f6ss\u00e4 standardimitoitettu aurinkopaneeli on kooltaan noin 1,75 m x 1,1 m, ja juuri t\u00e4m\u00e4n kokoisia paneeleita asennamme eniten. N\u00e4iden paneelien teholuokka on noin 430 Wp. Omakotitalojen katoilla tai julkisivuilla on visuaalisesti miellytt\u00e4v\u00e4mp\u00e4\u00e4 k\u00e4ytt\u00e4\u00e4 tasaisen mustia (Full Black) paneeleita. Maapohjaan asennetuissa aurinkovoimaloissa, joissa paneelit kiinnitet\u00e4\u00e4n ter\u00e4s- tai alumiinirunkoihin, k\u00e4yt\u00e4mme yleens\u00e4 suurempia ja tehokkaampia paneeleita. N\u00e4m\u00e4 voivat olla my\u00f6s Bifacial-tyyppisi\u00e4, eli ne voivat ker\u00e4t\u00e4 auringon energiaa my\u00f6s paneelin takaosasta. T\u00e4m\u00e4 parantaa jonkin verran paneelien tuottoa talvella, kun lumi heijastaa auringonvaloa, sek\u00e4 kes\u00e4ll\u00e4 aamuisin ja iltaisin, kun aurinko on matalalla ja kulkee laajassa kaarissa.<\/p>\n","protected":false},"excerpt":{"rendered":"<p>Aurinkopaneelit eli PV-paneelit (englanniksi Photo Voltaic) voidaan jakaa useisiin eri ryhmiin. Eniten k\u00e4ytettyj\u00e4 ovat piipohjaiset monokiteiset aurinkopaneelit. N\u00e4ill\u00e4 paneeleilla on usein useita lis\u00e4ominaisuuksia, kuten esimerkiksi Bifacial,<span class=\"excerpt-hellip\"> [\u2026]<\/span><\/p>\n","protected":false},"author":1,"featured_media":0,"parent":0,"menu_order":0,"comment_status":"closed","ping_status":"closed","template":"","meta":{"_acf_changed":false,"footnotes":""},"class_list":["post-1164","page","type-page","status-publish","hentry"],"acf":[],"_links":{"self":[{"href":"https:\/\/sigmasystems.ee\/fi\/wp-json\/wp\/v2\/pages\/1164","targetHints":{"allow":["GET"]}}],"collection":[{"href":"https:\/\/sigmasystems.ee\/fi\/wp-json\/wp\/v2\/pages"}],"about":[{"href":"https:\/\/sigmasystems.ee\/fi\/wp-json\/wp\/v2\/types\/page"}],"author":[{"embeddable":true,"href":"https:\/\/sigmasystems.ee\/fi\/wp-json\/wp\/v2\/users\/1"}],"replies":[{"embeddable":true,"href":"https:\/\/sigmasystems.ee\/fi\/wp-json\/wp\/v2\/comments?post=1164"}],"version-history":[{"count":1,"href":"https:\/\/sigmasystems.ee\/fi\/wp-json\/wp\/v2\/pages\/1164\/revisions"}],"predecessor-version":[{"id":1165,"href":"https:\/\/sigmasystems.ee\/fi\/wp-json\/wp\/v2\/pages\/1164\/revisions\/1165"}],"wp:attachment":[{"href":"https:\/\/sigmasystems.ee\/fi\/wp-json\/wp\/v2\/media?parent=1164"}],"curies":[{"name":"wp","href":"https:\/\/api.w.org\/{rel}","templated":true}]}}