{"id":1160,"date":"2018-01-24T06:30:01","date_gmt":"2018-01-24T04:30:01","guid":{"rendered":"https:\/\/sigmasystems.ee\/kontakt\/"},"modified":"2025-01-02T09:43:37","modified_gmt":"2025-01-02T07:43:37","slug":"yhteistiedot","status":"publish","type":"page","link":"https:\/\/sigmasystems.ee\/fi\/yhteistiedot\/","title":{"rendered":"Yhteistiedot"},"content":{"rendered":"<div class=\"column one-fourth mobile-one\"><div class=\"mcb-column-inner\"><\/p>\n<p><img loading=\"lazy\" decoding=\"async\" class=\"wp-image-90 aligncenter\" src=\"https:\/\/sigmasystems.ee\/wp-content\/uploads\/kristjan-karming-300x300.png\" alt=\"\" width=\"150\" height=\"150\" \/><\/p>\n<h4 style=\"text-align: center;\">Kristjan Karming<\/h4>\n<p style=\"text-align: center;\">Toimitusjohtaja<\/p>\n<p style=\"text-align: center;\">+372 5665 9585<br \/>\n<a href=\"mailto:kristjan@sigmasystems.ee\" target=\"_blank\" rel=\"noopener\">kristjan@sigmasystems.ee<\/a><\/p>\n<p><\/div><\/div>\n\n<div class=\"column one-fourth mobile-one\"><div class=\"mcb-column-inner\"><\/p>\n<p><img loading=\"lazy\" decoding=\"async\" class=\"aligncenter wp-image-97\" src=\"https:\/\/sigmasystems.ee\/wp-content\/uploads\/silver-karming-300x300.png\" alt=\"\" width=\"150\" height=\"150\" \/><\/p>\n<h4 style=\"text-align: center;\">Silver Karming<\/h4>\n<p style=\"text-align: center;\">Myyntip\u00e4\u00e4likk\u00f6<\/p>\n<p style=\"text-align: center;\">+372 505 4348<br \/>\n<a href=\"mailto:silver@sigmasystems.ee\" target=\"_blank\" rel=\"noopener\">silver@sigmasystems.ee<\/a><\/p>\n<p><\/div><\/div>\n\n<div class=\"column one-fourth mobile-one\"><div class=\"mcb-column-inner\"><\/p>\n<p><img loading=\"lazy\" decoding=\"async\" class=\"aligncenter wp-image-99\" src=\"https:\/\/sigmasystems.ee\/wp-content\/uploads\/urmas-pauklin-300x300.png\" alt=\"\" width=\"150\" height=\"150\" \/><\/p>\n<h4 style=\"text-align: center;\">Urmas Pauklin<\/h4>\n<p style=\"text-align: center;\">Myyntip\u00e4\u00e4likk\u00f6<\/p>\n<p style=\"text-align: center;\">+372 502 5224<br \/>\n<a href=\"mailto:urmas@sigmasystems.ee\">urmas@sigmasystems.ee<\/a><\/p>\n<p><\/div><\/div>\n\n<div class=\"column one-fourth mobile-one\"><div class=\"mcb-column-inner\"><\/p>\n<p><img loading=\"lazy\" decoding=\"async\" class=\"aligncenter wp-image-101\" src=\"https:\/\/sigmasystems.ee\/wp-content\/uploads\/mihkel-ehrpas-300x300.png\" alt=\"\" width=\"150\" height=\"150\" \/><\/p>\n<h4 style=\"text-align: center;\">Mihkel Ehrpas<\/h4>\n<p style=\"text-align: center;\">Suunnittelija<\/p>\n<p style=\"text-align: center;\">+372 684 3900<br \/>\n<a href=\"mailto:info@sigmasystems.ee\">info@sigmasystems.ee<\/a><\/p>\n<p><\/div><\/div>\n\n<hr class=\"\" style=\"margin:0 auto 0px;background-color:transparent\"\/>\n\n<div class=\"column one-fourth mobile-one\"><div class=\"mcb-column-inner\"><\/p>\n<p><img loading=\"lazy\" decoding=\"async\" class=\"aligncenter wp-image-102\" src=\"https:\/\/sigmasystems.ee\/wp-content\/uploads\/sander-kirotar-300x300.png\" alt=\"\" width=\"150\" height=\"150\" \/><\/p>\n<h4 style=\"text-align: center;\">Sander Kirotar<\/h4>\n<p style=\"text-align: center;\">Myyntiteknikko<\/p>\n<p style=\"text-align: center;\">+372 502 2423<br \/>\n<a href=\"mailto:sander@sigmasystems.ee\">sander@sigmasystems.ee<\/a><\/p>\n<p><\/div><\/div>\n\n<div class=\"column one-fourth mobile-one\"><div class=\"mcb-column-inner\"><\/p>\n<p><img loading=\"lazy\" decoding=\"async\" class=\"aligncenter wp-image-103\" src=\"https:\/\/sigmasystems.ee\/wp-content\/uploads\/sigmar-markov-300x300.png\" alt=\"\" width=\"150\" height=\"150\" \/><\/p>\n<h4 style=\"text-align: center;\">Sigmar Markov<\/h4>\n<p style=\"text-align: center;\">Myyntiteknikko<\/p>\n<p style=\"text-align: center;\">+372 5567 1953<br \/>\n<a href=\"mailto:sigmar@sigmasystems.ee\">sigmar@sigmasystems.ee<\/a><\/p>\n<p><\/div><\/div>\n\n<div class=\"column one-fourth mobile-one\"><div class=\"mcb-column-inner\"><\/p>\n<p><img loading=\"lazy\" decoding=\"async\" class=\"aligncenter wp-image-103\" src=\"https:\/\/sigmasystems.ee\/wp-content\/uploads\/ingemar-arusoo-300x300.png\" alt=\"\" width=\"150\" height=\"150\" \/><\/p>\n<h4 style=\"text-align: center;\">Ingemar Arusoo<\/h4>\n<p style=\"text-align: center;\">S\u00e4hkotallennus projektip\u00e4\u00e4llikk\u00f6<\/p>\n<p style=\"text-align: center;\">+372 512 4847<br \/>\n<a href=\"mailto:ingemar@sigmasystems.ee\">ingemar@sigmasystems.ee<\/a><\/p>\n<p><\/div><\/div>\n\n<div class=\"column one-fourth mobile-one\"><div class=\"mcb-column-inner\"><\/p>\n<p><img loading=\"lazy\" decoding=\"async\" class=\"aligncenter wp-image-103\" src=\"https:\/\/sigmasystems.ee\/wp-content\/uploads\/aare-kenk-300x300.png\" alt=\"\" width=\"150\" height=\"150\" \/><\/p>\n<h4 style=\"text-align: center;\">Aare Kenk<\/h4>\n<p style=\"text-align: center;\">S\u00e4hk\u00f6t\u00f6iden projektip\u00e4\u00e4likk\u00f6<\/p>\n<p style=\"text-align: center;\">+372 501 3996<br \/>\n<a href=\"mailto:aare@sigmasystems.ee\">aare@sigmasystems.ee<\/a><\/p>\n<p><\/div><\/div>\n\n","protected":false},"excerpt":{"rendered":"","protected":false},"author":1,"featured_media":0,"parent":0,"menu_order":0,"comment_status":"closed","ping_status":"closed","template":"","meta":{"_acf_changed":false,"footnotes":""},"class_list":["post-1160","page","type-page","status-publish","hentry"],"acf":[],"_links":{"self":[{"href":"https:\/\/sigmasystems.ee\/fi\/wp-json\/wp\/v2\/pages\/1160","targetHints":{"allow":["GET"]}}],"collection":[{"href":"https:\/\/sigmasystems.ee\/fi\/wp-json\/wp\/v2\/pages"}],"about":[{"href":"https:\/\/sigmasystems.ee\/fi\/wp-json\/wp\/v2\/types\/page"}],"author":[{"embeddable":true,"href":"https:\/\/sigmasystems.ee\/fi\/wp-json\/wp\/v2\/users\/1"}],"replies":[{"embeddable":true,"href":"https:\/\/sigmasystems.ee\/fi\/wp-json\/wp\/v2\/comments?post=1160"}],"version-history":[{"count":3,"href":"https:\/\/sigmasystems.ee\/fi\/wp-json\/wp\/v2\/pages\/1160\/revisions"}],"predecessor-version":[{"id":1219,"href":"https:\/\/sigmasystems.ee\/fi\/wp-json\/wp\/v2\/pages\/1160\/revisions\/1219"}],"wp:attachment":[{"href":"https:\/\/sigmasystems.ee\/fi\/wp-json\/wp\/v2\/media?parent=1160"}],"curies":[{"name":"wp","href":"https:\/\/api.w.org\/{rel}","templated":true}]}}